{"id":1512,"date":"2017-09-09T15:43:54","date_gmt":"2017-09-09T15:43:54","guid":{"rendered":"http:\/\/www.financing.dev\/?page_id=1512"},"modified":"2018-02-26T16:25:32","modified_gmt":"2018-02-26T13:25:32","slug":"cozumlerimiz","status":"publish","type":"page","link":"https:\/\/www.kets.com\/tr\/cozumlerimiz\/","title":{"rendered":"\u00c7\u00f6z\u00fcmlerimiz"},"content":{"rendered":"<p>[vc_row css=&#8221;.vc_custom_1519215242774{margin-top: 50px !important;}&#8221;][vc_column]\n\t\t<div class=\"portfolio-container\">\n\t\t \n\t\t \t<!-- Portfolio Filter -->\n\t\t\t\n\t\t\t\t<div class=\"portfolio-filters\" data-id=\"196751483\">\n\t\t\t\t\t\t\t\t\t\t\t<span><a href=\"#\" data-filter=\"*\" class=\"filter-all active\">All<\/a><\/span>\t\n\t\t\t\t\t\t\t\t\t\t\t\t\t\t\t\t\t\t\t\t<span><a href=\"#\" data-filter=\".term-dokuman-yonetimi-ve-arsivleme\">Dok\u00fcman Y\u00f6netimi ve Ar\u015fivleme<\/a><\/span>\n\t\t\t\t\t\t\t\t\t\t\t\t\t\t\t\t\t\t\t\t<span><a href=\"#\" data-filter=\".term-icr-ocr-ve-yapay-zeka\">ICR \/ OCR ve Yapay Zeka<\/a><\/span>\n\t\t\t\t\t\t\t\t\t\t\t\t\t\t\t\t\t\t\t\t<span><a href=\"#\" data-filter=\".term-kurumsal-faks\">Kurumsal Faks<\/a><\/span>\n\t\t\t\t\t\t\t\t\t\t\t\t\t\t\t<\/div>\n\t\t\t\n\t\t\t<!-- Portfolio -->\n\t\t\t<div id=\"196751483\" class=\"portfolio-items\" data-id=\"196751483\">  \n\t\t\t\t\n\t\t\t\t\t<!-- Columns -->\n\t\t\t\t\t\n\t\t\t\t\t<!-- Style 1 -->\n\t\t\t\t\t\t\t\t\t\t\t\t\t\t\t\t\t\t\t\t\t\t\t   \n\t\t\t\t\t\t<div class=\"term-icr-ocr-ve-yapay-zeka portfolio-item portfolio-style-1 col-lg-4 col-md-4 col-sm-6 col-xs-12\">\n\t\t\t\t\t\t\t<a class=\"entry-overlay\" href=\"https:\/\/www.kets.com\/tr\/portfolio\/abbyy-recognition-server\/\" title=\"Abbyy Recognition Server\"><div class=\"portfolio-image\"><img decoding=\"async\" src=\"https:\/\/www.kets.com\/tr\/wp-content\/uploads\/2018\/04\/illustration-diagram-abbyy-recognition-server-document-capture-1232x485.png\" alt=\"Abbyy Recognition Server\" \/><\/div><\/a>\n\t\t\t\t\t\t\t<div class=\"portfolio-content\">\n\t\t\t\t\t\t\t\t<div class=\"portfolio-category\">ICR \/ OCR ve Yapay Zeka<\/div>\n\t\t\t\t\t\t\t\t<h3><a href=\"https:\/\/www.kets.com\/tr\/portfolio\/abbyy-recognition-server\/\" title=\"Abbyy Recognition Server\">Abbyy Recognition Server<\/a><\/h3>\n\t\t\t\t\t\t\t<\/div>\n\t\t\t\t\t\t<\/div>\n\t\t\t\t\t\t\n\t\t\t\t\t<!-- Style 2 -->\n\t\t\t\t\t\n\t\t\t\t\n\t\t\t\t\t<!-- Columns -->\n\t\t\t\t\t\n\t\t\t\t\t<!-- Style 1 -->\n\t\t\t\t\t\t\t\t\t\t\t\t\t\t\t\t\t\t\t\t\t\t\t   \n\t\t\t\t\t\t<div class=\"term-icr-ocr-ve-yapay-zeka portfolio-item portfolio-style-1 col-lg-4 col-md-4 col-sm-6 col-xs-12\">\n\t\t\t\t\t\t\t<a class=\"entry-overlay\" href=\"https:\/\/www.kets.com\/tr\/portfolio\/abbyy-flexicapture\/\" title=\"ABBYY FlexiCapture\"><div class=\"portfolio-image\"><img decoding=\"async\" src=\"https:\/\/www.kets.com\/tr\/wp-content\/uploads\/2018\/03\/ABBYY-FlexiCapture-OCR-ICR-OMR-BCR-forms-processing-data-capture-handwriting-recognition.png\" alt=\"ABBYY FlexiCapture\" \/><\/div><\/a>\n\t\t\t\t\t\t\t<div class=\"portfolio-content\">\n\t\t\t\t\t\t\t\t<div class=\"portfolio-category\">ICR \/ OCR ve Yapay Zeka<\/div>\n\t\t\t\t\t\t\t\t<h3><a href=\"https:\/\/www.kets.com\/tr\/portfolio\/abbyy-flexicapture\/\" title=\"ABBYY FlexiCapture\">ABBYY FlexiCapture<\/a><\/h3>\n\t\t\t\t\t\t\t<\/div>\n\t\t\t\t\t\t<\/div>\n\t\t\t\t\t\t\n\t\t\t\t\t<!-- Style 2 -->\n\t\t\t\t\t\n\t\t\t\t\n\t\t\t\t\t<!-- Columns -->\n\t\t\t\t\t\n\t\t\t\t\t<!-- Style 1 -->\n\t\t\t\t\t\t\t\t\t\t\t\t\t\t\t\t\t\t\t\t\t\t\t   \n\t\t\t\t\t\t<div class=\"term-icr-ocr-ve-yapay-zeka portfolio-item portfolio-style-1 col-lg-4 col-md-4 col-sm-6 col-xs-12\">\n\t\t\t\t\t\t\t<a class=\"entry-overlay\" href=\"https:\/\/www.kets.com\/tr\/portfolio\/recostar-ocr-motoru\/\" title=\"RecoStar Karakter Tan\u0131ma Motoru\"><div class=\"portfolio-image\"><img decoding=\"async\" src=\"https:\/\/www.kets.com\/tr\/wp-content\/uploads\/2018\/02\/extraction_cmyk_thumb.jpg\" alt=\"RecoStar Karakter Tan\u0131ma Motoru\" \/><\/div><\/a>\n\t\t\t\t\t\t\t<div class=\"portfolio-content\">\n\t\t\t\t\t\t\t\t<div class=\"portfolio-category\">ICR \/ OCR ve Yapay Zeka<\/div>\n\t\t\t\t\t\t\t\t<h3><a href=\"https:\/\/www.kets.com\/tr\/portfolio\/recostar-ocr-motoru\/\" title=\"RecoStar Karakter Tan\u0131ma Motoru\">RecoStar Karakter Tan\u0131ma Motoru<\/a><\/h3>\n\t\t\t\t\t\t\t<\/div>\n\t\t\t\t\t\t<\/div>\n\t\t\t\t\t\t\n\t\t\t\t\t<!-- Style 2 -->\n\t\t\t\t\t\n\t\t\t\t\n\t\t\t\t\t<!-- Columns -->\n\t\t\t\t\t\n\t\t\t\t\t<!-- Style 1 -->\n\t\t\t\t\t\t\t\t\t\t\t\t\t\t\t\t\t\t\t\t\t\t\t   \n\t\t\t\t\t\t<div class=\"term-icr-ocr-ve-yapay-zeka portfolio-item portfolio-style-1 col-lg-4 col-md-4 col-sm-6 col-xs-12\">\n\t\t\t\t\t\t\t<a class=\"entry-overlay\" href=\"https:\/\/www.kets.com\/tr\/portfolio\/abbyy-finereader\/\" title=\"ABBYY FineReader\"><div class=\"portfolio-image\"><img decoding=\"async\" src=\"https:\/\/www.kets.com\/tr\/wp-content\/uploads\/2017\/08\/ABBY-FineReader-14.jpg\" alt=\"ABBYY FineReader\" \/><\/div><\/a>\n\t\t\t\t\t\t\t<div class=\"portfolio-content\">\n\t\t\t\t\t\t\t\t<div class=\"portfolio-category\">ICR \/ OCR ve Yapay Zeka<\/div>\n\t\t\t\t\t\t\t\t<h3><a href=\"https:\/\/www.kets.com\/tr\/portfolio\/abbyy-finereader\/\" title=\"ABBYY FineReader\">ABBYY FineReader<\/a><\/h3>\n\t\t\t\t\t\t\t<\/div>\n\t\t\t\t\t\t<\/div>\n\t\t\t\t\t\t\n\t\t\t\t\t<!-- Style 2 -->\n\t\t\t\t\t\n\t\t\t\t\n\t\t\t\t\t<!-- Columns -->\n\t\t\t\t\t\n\t\t\t\t\t<!-- Style 1 -->\n\t\t\t\t\t\t\t\t\t\t\t\t\t\t\t\t\t\t\t\t\t\t\t   \n\t\t\t\t\t\t<div class=\"term-dokuman-yonetimi-ve-arsivleme portfolio-item portfolio-style-1 col-lg-4 col-md-4 col-sm-6 col-xs-12\">\n\t\t\t\t\t\t\t<a class=\"entry-overlay\" href=\"https:\/\/www.kets.com\/tr\/portfolio\/docplace-dokuman-yonetimi-yazilimi\/\" title=\"DocPlace Dok\u00fcman Y\u00f6netimi Yaz\u0131l\u0131m\u0131\"><div class=\"portfolio-image\"><img decoding=\"async\" src=\"https:\/\/www.kets.com\/tr\/wp-content\/uploads\/2017\/12\/6.jpg\" alt=\"DocPlace Dok\u00fcman Y\u00f6netimi Yaz\u0131l\u0131m\u0131\" \/><\/div><\/a>\n\t\t\t\t\t\t\t<div class=\"portfolio-content\">\n\t\t\t\t\t\t\t\t<div class=\"portfolio-category\">Dok\u00fcman Y\u00f6netimi ve Ar\u015fivleme<\/div>\n\t\t\t\t\t\t\t\t<h3><a href=\"https:\/\/www.kets.com\/tr\/portfolio\/docplace-dokuman-yonetimi-yazilimi\/\" title=\"DocPlace Dok\u00fcman Y\u00f6netimi Yaz\u0131l\u0131m\u0131\">DocPlace Dok\u00fcman Y\u00f6netimi Yaz\u0131l\u0131m\u0131<\/a><\/h3>\n\t\t\t\t\t\t\t<\/div>\n\t\t\t\t\t\t<\/div>\n\t\t\t\t\t\t\n\t\t\t\t\t<!-- Style 2 -->\n\t\t\t\t\t\n\t\t\t\t\n\t\t\t\t\t<!-- Columns -->\n\t\t\t\t\t\n\t\t\t\t\t<!-- Style 1 -->\n\t\t\t\t\t\t\t\t\t\t\t\t\t\t\t\t\t\t\t\t\t\t\t   \n\t\t\t\t\t\t<div class=\"term-kurumsal-faks portfolio-item portfolio-style-1 col-lg-4 col-md-4 col-sm-6 col-xs-12\">\n\t\t\t\t\t\t\t<a class=\"entry-overlay\" href=\"https:\/\/www.kets.com\/tr\/portfolio\/opentext-rightfax\/\" title=\"OpenText RightFax\"><div class=\"portfolio-image\"><img decoding=\"async\" src=\"https:\/\/www.kets.com\/tr\/wp-content\/uploads\/revslider\/home-v6\/banner-6.jpg\" alt=\"OpenText RightFax\" \/><\/div><\/a>\n\t\t\t\t\t\t\t<div class=\"portfolio-content\">\n\t\t\t\t\t\t\t\t<div class=\"portfolio-category\">Kurumsal Faks<\/div>\n\t\t\t\t\t\t\t\t<h3><a href=\"https:\/\/www.kets.com\/tr\/portfolio\/opentext-rightfax\/\" title=\"OpenText RightFax\">OpenText RightFax<\/a><\/h3>\n\t\t\t\t\t\t\t<\/div>\n\t\t\t\t\t\t<\/div>\n\t\t\t\t\t\t\n\t\t\t\t\t<!-- Style 2 -->\n\t\t\t\t\t\n\t\t\t\t\t\t\t<\/div>\n\t\t\t<!-- Portfolio End -->\n\n\t\t<\/div>\n\t\t\n\t\t<!-- Pagination -->\n\t\t\n\t\t[\/vc_column][\/vc_row]<\/p>\n","protected":false},"excerpt":{"rendered":"<p>[vc_row css=&#8221;.vc_custom_1519215242774{margin-top: 50px !important;}&#8221;][vc_column][\/vc_column][\/vc_row]<\/p>\n","protected":false},"author":1,"featured_media":0,"parent":0,"menu_order":0,"comment_status":"closed","ping_status":"closed","template":"","meta":{"footnotes":""},"aioseo_notices":[],"_links":{"self":[{"href":"https:\/\/www.kets.com\/tr\/wp-json\/wp\/v2\/pages\/1512"}],"collection":[{"href":"https:\/\/www.kets.com\/tr\/wp-json\/wp\/v2\/pages"}],"about":[{"href":"https:\/\/www.kets.com\/tr\/wp-json\/wp\/v2\/types\/page"}],"author":[{"embeddable":true,"href":"https:\/\/www.kets.com\/tr\/wp-json\/wp\/v2\/users\/1"}],"replies":[{"embeddable":true,"href":"https:\/\/www.kets.com\/tr\/wp-json\/wp\/v2\/comments?post=1512"}],"version-history":[{"count":5,"href":"https:\/\/www.kets.com\/tr\/wp-json\/wp\/v2\/pages\/1512\/revisions"}],"predecessor-version":[{"id":3260,"href":"https:\/\/www.kets.com\/tr\/wp-json\/wp\/v2\/pages\/1512\/revisions\/3260"}],"wp:attachment":[{"href":"https:\/\/www.kets.com\/tr\/wp-json\/wp\/v2\/media?parent=1512"}],"curies":[{"name":"wp","href":"https:\/\/api.w.org\/{rel}","templated":true}]}}