{"id":3156,"date":"2018-02-23T18:37:32","date_gmt":"2018-02-23T15:37:32","guid":{"rendered":"https:\/\/www.kets.com\/?page_id=3156"},"modified":"2018-03-05T11:36:34","modified_gmt":"2018-03-05T08:36:34","slug":"opentext-rightfax","status":"publish","type":"page","link":"https:\/\/www.kets.com\/tr\/opentext-rightfax\/","title":{"rendered":"OpenText RightFax"},"content":{"rendered":"<p>[vc_row css=&#8221;.vc_custom_1519375881257{margin-top: 40px !important;}&#8221;][vc_column width=&#8221;1\/4&#8243;][vc_text_separator title=&#8221;Gereksinimler&#8221;][vc_column_text]<strong>\u0130\u015fletim Sistemi<\/strong><\/p>\n<ul>\n<li>Microsoft\u00ae Windows\u00ae 10 \/ 8.1 \/ 8 \/ 7<\/li>\n<li>Microsoft Windows Server\u00ae 2016 \/2012 \/ 2012 R2 \/ 2008 R2<\/li>\n<\/ul>\n<p>Aray\u00fcz dilleri, ilgili dil i\u00e7in Windows deste\u011fi gerektirir.[\/vc_column_text][vc_column_text]<strong>Donan\u0131m<\/strong><\/p>\n<ul>\n<li>SSE2 y\u00f6nerge setleri ile 1 GHz veya<br \/>\ndaha h\u0131zl\u0131 x86 veya x64 i\u015flemci<\/li>\n<li>\u00a01024 MB RAM (4 GB RAM \u00f6nerilir)<\/li>\n<li>\u00a0Standart program kurulumu i\u00e7in 1,2 GB bo\u015f disk alan\u0131 ve program\u0131n optimum d\u00fczeyde \u00e7al\u0131\u015fmas\u0131 i\u00e7in de ek 1,2 GB bo\u015f alan<\/li>\n<li>\u00a01024&#215;768 veya \u00fcst\u00fc \u00e7\u00f6z\u00fcn\u00fcrl\u00fckte ekran<\/li>\n<li>\u00a0Seri numaran\u0131z\u0131 etkinle\u015ftirmek i\u00e7in internet ba\u011flant\u0131s\u0131 gereklidir.<\/li>\n<li>\u00a0Klavye, fare veya di\u011fer i\u015faret cihaz\u0131<\/li>\n<\/ul>\n<p>[\/vc_column_text][vc_column_text]<strong>Terminal Sunucusu Deste\u011fi<\/strong><\/p>\n<p>ABBYY FineReader 14&#8217;in terminal<br \/>\nmodda \u00e7al\u0131\u015fmas\u0131 a\u015fa\u011f\u0131daki konfig\u00fcrasyonlarda test edilmi\u015ftir:<\/p>\n<ul>\n<li>\u00a0Microsoft Windows Server 2012 R2, 2008 R2 (Uzak Masa\u00fcst\u00fc, RemoteApp ve Uzak Masa\u00fcst\u00fc Web Eri\u015fimi)<\/li>\n<li>\u00a0Citrix XenApp 7.9 (sunucu \u00fczerinden eri\u015filen kurulu uygulama<br \/>\nkullan\u0131larak)<\/li>\n<li>Taray\u0131c\u0131lar ve \u00c7ok \u0130\u015flevi \u00c7evre Birimler FineReader; TWAIN- ve WIA- uyumlu taray\u0131c\u0131lar\u0131, \u00e7ok i\u015flevli \u00e7evre birimleri (MFP&#8217;ler) ve tarama modundaki hepsi bir arada cihazlar\u0131 destekler.<\/li>\n<\/ul>\n<p><strong>Desteklenen Bi\u00e7imler<\/strong><br \/>\nGirdi bi\u00e7imleri<\/p>\n<ul>\n<li>PDF, PDF\/A dahil<\/li>\n<li>\u00a0G\u00f6r\u00fcnt\u00fc bi\u00e7imleri (TIFF, JPEG, JPEG 2000, JBIG2, PNG, BMP, PCX, GIF, DjVu, XPS*)<\/li>\n<li>\u00a0D\u00fczenlenebilir bi\u00e7imler** (DOC(X), XLS(X), PPT(X), VSD(X), HTML, RTF, TXT, ODT, ODS, ODP)<\/li>\n<\/ul>\n<p><strong>Kaydetme bi\u00e7imleri<\/strong><\/p>\n<ul>\n<li>PDF, PDF\/A dahil<\/li>\n<li>\u00a0G\u00f6r\u00fcnt\u00fc bi\u00e7imleri (TIFF, JPEG, JPEG 2000, JBIG2, PNG, BMP, PCX, GIF, DjVu, XPS*)<\/li>\n<li>\u00a0D\u00fczenlenebilir bi\u00e7imler (DOC(X), XLS(X), PPTX, HTML, RTF, TXT, CSV, ODT)<\/li>\n<li>\u00a0E-kitap bi\u00e7imleri (EPUB, FB2)<\/li>\n<\/ul>\n<p>* Microsoft .NET Framework 4.0 gereklidir.<br \/>\n** Microsoft Office veya Apache<br \/>\nOpenOffice gereklidir.[\/vc_column_text][\/vc_column][vc_column width=&#8221;3\/4&#8243;][vc_row_inner][vc_column_inner width=&#8221;5\/6&#8243;][vc_message message_box_color=&#8221;danger&#8221; icon_fontawesome=&#8221;fa fa-question-circle&#8221;]FineReader SDK , Recognation Server\u00a0 i\u00e7in do\u011frudan ileti\u015fime ge\u00e7iniz.[\/vc_message][\/vc_column_inner][vc_column_inner width=&#8221;1\/6&#8243;][vc_btn title=&#8221;Bilgi Al&#8221; style=&#8221;flat&#8221; color=&#8221;juicy-pink&#8221; align=&#8221;right&#8221; button_block=&#8221;true&#8221;][\/vc_column_inner][\/vc_row_inner][vc_hoverbox image=&#8221;3100&#8243; primary_title=&#8221;Abbyy Fine Reader 14&#8243; primary_title_font_container=&#8221;font_size:30|color:%23e83535&#8243; primary_title_google_fonts=&#8221;font_family:Numans%3Aregular|font_style:400%20regular%3A400%3Anormal&#8221; hover_title=&#8221;&#8221; use_custom_fonts_primary_title=&#8221;true&#8221; css=&#8221;.vc_custom_1519377359294{padding-bottom: 30px !important;}&#8221;]G\u00fc\u00e7l\u00fc OCR ve belge d\u00f6n\u00fc\u015ft\u00fcrme teknolojilerini temel PDF becerileriyle birle\u015ftiren FineReader, PDF\u2019ler ve taranm\u0131\u015f belgelerle \u00e7al\u0131\u015fmak i\u00e7in tek bir \u00e7\u00f6z\u00fcm sa\u011flamas\u0131n\u0131n yan\u0131nda, belgeleri kolayca kar\u015f\u0131la\u015ft\u0131r\u0131p metinlerin dijital ve taranm\u0131\u015f kopyalar\u0131 aras\u0131ndaki farklar\u0131 bulma imkan\u0131 sunuyor.<\/p>\n<p><strong>ABBYY FineReader 14<\/strong>\u00a0ile \u015funlar\u0131 yapabilirsiniz:<br \/>\n\u2022 PDF\u2019nin kayna\u011f\u0131 ne olursa olsun, g\u00fcnl\u00fck PDF g\u00f6revlerini h\u0131zla ve kolayl\u0131kla tamamlayabilirsiniz.<br \/>\n\u2022 ABBYY\u2019nin g\u00fc\u00e7l\u00fc OCR ve belge d\u00f6n\u00fc\u015ft\u00fcrme teknolojileri sayesinde yeniden yazma ve yeniden<br \/>\nbi\u00e7imlendirme mecburiyetinden kurtularak zaman kazanabilirsiniz.<br \/>\n\u2022 Belgeleri y\u00fcksek kaliteli bir \u015fekilde d\u00f6n\u00fc\u015ft\u00fcrmek, PDF\u2019lerle \u00e7al\u0131\u015fmak ve belgeleri kar\u015f\u0131la\u015ft\u0131rma i\u00e7in tek bir \u00e7\u00f6z\u00fcmden yararlanabilirsiniz.[\/vc_hoverbox][vc_row_inner][vc_column_inner width=&#8221;1\/3&#8243;]<div class=\"iconbox  iconbox-style-3\" style=\"background-color:;\">\n\t\t\t\t\t\t<i style=\"color:; background-color:;\" class=\"fa fa-edit \"><\/i>\n\t\t\t\t\t\t\t<div class=\"iconbox-content\">\n\t\t\t\t\t\t\t\t<h3 style=\"color:;\"><\/h3>\n\t\t\t\t\t\t\t\t<p style=\"color:;\">\u00c7ok \u00e7e\u015fitli PDF d\u00fczenleme ve belge kar\u015f\u0131la\u015ft\u0131rma i\u015flevlerini ger\u00e7ekle\u015ftirmek i\u00e7in tek bir ara\u00e7<\/p>\n                        \t\t<div class=\"iconbox-btn\"><a style=\"background-color:;\" href=https:\/\/www.abbyy.com\/tr-tr\/finereader\/why-finereader\/ target=_blank>Detayl\u0131 Bilgi<\/a><\/div>                        \n\t\t\t\t\t\t\t<\/div>\n\t\t\t\t\t<\/div>[\/vc_column_inner][vc_column_inner width=&#8221;1\/3&#8243;]<div class=\"iconbox  iconbox-style-3\" style=\"background-color:;\">\n\t\t\t\t\t\t<i style=\"color:; background-color:;\" class=\"fa fa-trophy \"><\/i>\n\t\t\t\t\t\t\t<div class=\"iconbox-content\">\n\t\t\t\t\t\t\t\t<h3 style=\"color:;\"><\/h3>\n\t\t\t\t\t\t\t\t<p style=\"color:;\">Windows\u2019a y\u00f6nelik OCR yaz\u0131l\u0131mlar\u0131n\u0131n g\u00fcvenilir liderinden \u00f6d\u00fcl kazanm\u0131\u015f teknoloji<\/p>\n                        \t\t<div class=\"iconbox-btn\"><a style=\"background-color:;\" href=https:\/\/www.abbyy.com\/tr-tr\/finereader\/why-finereader\/ target=_blank>Detayl\u0131 Bilgi<\/a><\/div>                        \n\t\t\t\t\t\t\t<\/div>\n\t\t\t\t\t<\/div>[\/vc_column_inner][vc_column_inner width=&#8221;1\/3&#8243;]<div class=\"iconbox  iconbox-style-3\" style=\"background-color:;\">\n\t\t\t\t\t\t<i style=\"color:; background-color:;\" class=\"fa fa-file \"><\/i>\n\t\t\t\t\t\t\t<div class=\"iconbox-content\">\n\t\t\t\t\t\t\t\t<h3 style=\"color:;\"><\/h3>\n\t\t\t\t\t\t\t\t<p style=\"color:;\">Ka\u011f\u0131da bas\u0131l\u0131 belgeler ve taranm\u0131\u015f PDF&#8217;lerle \u00e7al\u0131\u015fmak i\u00e7in en iyi OCR yaz\u0131l\u0131m\u0131<\/p>\n                        \t\t<div class=\"iconbox-btn\"><a style=\"background-color:;\" href=https:\/\/www.abbyy.com\/tr-tr\/finereader\/why-finereader\/ target=_blank>Detayl\u0131 Bilgi<\/a><\/div>                        \n\t\t\t\t\t\t\t<\/div>\n\t\t\t\t\t<\/div>[\/vc_column_inner][vc_column_inner]<div style=\"margin:;\" class=\"special-heading\">\n\t\t\t\t\t<h1 style=\"font-size:; font-weight:; line-height:; text-align:center; text-transform:none; color:;\">\u00d6zellikler<\/h1>\n\t\t\t\t\t<div style=\"background-color:; text-align:center;\" class=\"heading-seperator center-sep\"><\/div>\n\t\t\t\t\t<p style=\"font-size:; text-align:center; color:;\">FineReader, g\u00fc\u00e7l\u00fc OCR ve d\u00f6n\u00fc\u015ft\u00fcrme teknolojilerini temel PDF ara\u00e7lar\u0131 ile birle\u015ftirerek ka\u011f\u0131da bas\u0131l\u0131 belgeler ve PDF dosyalar\u0131yla \u00e7al\u0131\u015fmay\u0131 basitle\u015ftirir.<\/p>\n\t\t\t\t<\/div>[\/vc_column_inner][\/vc_row_inner][vc_row_inner][vc_column_inner width=&#8221;1\/3&#8243;]<div class=\"iconbox  iconbox-style-3\" style=\"background-color:;\">\n\t\t\t\t\t\t<div class=\"img\"><img decoding=\"async\" src=\"https:\/\/www.kets.com\/tr\/wp-content\/uploads\/2018\/02\/g11fr-features-scan-convert.png\" alt=\"\"><\/div>\n\t\t\t\t\t\t\t<div class=\"iconbox-content\">\n\t\t\t\t\t\t\t\t<h3 style=\"color:;\">PDF&#039;leri ve taranm\u0131\u015f belgeleri d\u00f6n\u00fc\u015ft\u00fcr\u00fcn<\/h3>\n\t\t\t\t\t\t\t\t<p style=\"color:;\">G\u00f6r\u00fcnt\u00fcleri, ka\u011f\u0131t taramalar\u0131n\u0131 ve PDF&#8217;leri Word\u2019e, Excel\u2019e, aranabilir PDF\u2019lere ve di\u011fer d\u00fczenlenebilir bi\u00e7imlere do\u011fru \u015fekilde d\u00f6n\u00fc\u015ft\u00fcrmek i\u00e7in d\u00fcnya lideri OCR teknolojisi.<\/p>\n                        \t\t                        \n\t\t\t\t\t\t\t<\/div>\n\t\t\t\t\t<\/div>[\/vc_column_inner][vc_column_inner width=&#8221;1\/3&#8243;]<div class=\"iconbox  iconbox-style-3\" style=\"background-color:;\">\n\t\t\t\t\t\t<div class=\"img\"><img decoding=\"async\" src=\"https:\/\/www.kets.com\/tr\/wp-content\/uploads\/2018\/02\/g12fr-features-edit.png\" alt=\"\"><\/div>\n\t\t\t\t\t\t\t<div class=\"iconbox-content\">\n\t\t\t\t\t\t\t\t<h3 style=\"color:;\">PDF\u2019leri d\u00fczenleyin ve \u00fczerine a\u00e7\u0131klama ekleyin<\/h3>\n\t\t\t\t\t\t\t\t<p style=\"color:;\">Taramalar dahil her t\u00fcrl\u00fc PDF&#8217;yi d\u00fczenleyin ve i\u00e7inde arama yap\u0131n; birden fazla dosyadan PDF&#8217;ler olu\u015fturun; a\u00e7\u0131klama ve notlar ekleyin, dosyan\u0131z\u0131 koruma alt\u0131na al\u0131n ve payla\u015f\u0131ma haz\u0131rlay\u0131n, formlar\u0131 doldurun ve daha bir\u00e7ok i\u015flem ger\u00e7ekle\u015ftirin.<\/p>\n                        \t\t                        \n\t\t\t\t\t\t\t<\/div>\n\t\t\t\t\t<\/div>[\/vc_column_inner][vc_column_inner width=&#8221;1\/3&#8243;]<div class=\"iconbox  iconbox-style-3\" style=\"background-color:;\">\n\t\t\t\t\t\t<div class=\"img\"><img decoding=\"async\" src=\"https:\/\/www.kets.com\/tr\/wp-content\/uploads\/2018\/02\/g14fr-features-automate-conversion.png\" alt=\"\"><\/div>\n\t\t\t\t\t\t\t<div class=\"iconbox-content\">\n\t\t\t\t\t\t\t\t<h3 style=\"color:;\">D\u00f6n\u00fc\u015ft\u00fcrme i\u015flemini otomatikle\u015ftirin<\/h3>\n\t\t\t\t\t\t\t\t<p style=\"color:;\">Toplu i\u015flemler programlamak ve gelen belgeleri d\u00f6n\u00fc\u015ft\u00fcr\u00fclmek \u00fczere belirli klas\u00f6rlere y\u00f6nlendirmek i\u00e7in Hot Folder arac\u0131n\u0131 kullanarak belge d\u00f6n\u00fc\u015ft\u00fcrme s\u00fcrecini otomatikle\u015ftirin.<\/p>\n                        \t\t                        \n\t\t\t\t\t\t\t<\/div>\n\t\t\t\t\t<\/div>[\/vc_column_inner][\/vc_row_inner][vc_row_inner css=&#8221;.vc_custom_1519374494094{background-position: center !important;background-repeat: no-repeat !important;background-size: cover !important;}&#8221;][vc_column_inner css=&#8221;.vc_custom_1519374545757{background-position: center !important;background-repeat: no-repeat !important;background-size: cover !important;}&#8221;][vc_cta h2=&#8221;Daha fazla bilgiye mi ihtiyac\u0131n\u0131z var? &#8221; txt_align=&#8221;center&#8221; style=&#8221;3d&#8221; add_button=&#8221;right&#8221; btn_title=&#8221;Hemen Ara&#8221; btn_style=&#8221;gradient&#8221; btn_size=&#8221;lg&#8221; btn_align=&#8221;center&#8221; btn_link=&#8221;url:https%3A%2F%2Fwww.kets.com%2Filetisim%2F|||&#8221;]Ekibimiz ile ileti\u015fime ge\u00e7erek daha fazla bilgi alabilir ve size en do\u011fru \u00e7\u00f6z\u00fcm\u00fc sunabiliriz.[\/vc_cta][\/vc_column_inner][\/vc_row_inner][\/vc_column][\/vc_row]<\/p>\n","protected":false},"excerpt":{"rendered":"<p>[vc_row css=&#8221;.vc_custom_1519375881257{margin-top: 40px !important;}&#8221;][vc_column width=&#8221;1\/4&#8243;][vc_text_separator title=&#8221;Gereksinimler&#8221;][vc_column_text]\u0130\u015fletim Sistemi Microsoft\u00ae Windows\u00ae 10 \/ 8.1 \/ 8 \/ 7 Microsoft Windows Server\u00ae 2016 \/2012 \/ 2012 R2 \/ 2008 R2 Aray\u00fcz dilleri, ilgili dil i\u00e7in Windows deste\u011fi gerektirir.[\/vc_column_text][vc_column_text]Donan\u0131m SSE2 y\u00f6nerge setleri ile 1 GHz veya daha h\u0131zl\u0131 x86 veya x64 i\u015flemci \u00a01024 MB [&hellip;]<\/p>\n","protected":false},"author":1,"featured_media":0,"parent":0,"menu_order":0,"comment_status":"closed","ping_status":"closed","template":"","meta":{"footnotes":""},"aioseo_notices":[],"_links":{"self":[{"href":"https:\/\/www.kets.com\/tr\/wp-json\/wp\/v2\/pages\/3156"}],"collection":[{"href":"https:\/\/www.kets.com\/tr\/wp-json\/wp\/v2\/pages"}],"about":[{"href":"https:\/\/www.kets.com\/tr\/wp-json\/wp\/v2\/types\/page"}],"author":[{"embeddable":true,"href":"https:\/\/www.kets.com\/tr\/wp-json\/wp\/v2\/users\/1"}],"replies":[{"embeddable":true,"href":"https:\/\/www.kets.com\/tr\/wp-json\/wp\/v2\/comments?post=3156"}],"version-history":[{"count":2,"href":"https:\/\/www.kets.com\/tr\/wp-json\/wp\/v2\/pages\/3156\/revisions"}],"predecessor-version":[{"id":3340,"href":"https:\/\/www.kets.com\/tr\/wp-json\/wp\/v2\/pages\/3156\/revisions\/3340"}],"wp:attachment":[{"href":"https:\/\/www.kets.com\/tr\/wp-json\/wp\/v2\/media?parent=3156"}],"curies":[{"name":"wp","href":"https:\/\/api.w.org\/{rel}","templated":true}]}}