{"id":3213,"date":"2018-02-24T23:08:17","date_gmt":"2018-02-24T20:08:17","guid":{"rendered":"http:\/\/ketsite.test\/?page_id=3213"},"modified":"2018-03-29T16:50:17","modified_gmt":"2018-03-29T13:50:17","slug":"fax-over-ip-foip","status":"publish","type":"page","link":"https:\/\/www.kets.com\/tr\/fax-over-ip-foip\/","title":{"rendered":"Fax over IP (FOIP)"},"content":{"rendered":"<p>[vc_section][vc_row css=&#8221;.vc_custom_1519502964278{margin-top: 30px !important;}&#8221;][vc_column]<div style=\"margin:;\" class=\"special-heading\">\n\t\t\t\t\t<h1 style=\"font-size:; font-weight:; line-height:; text-align:center; text-transform:none; color:;\">Fax over IP (FOIP)<\/h1>\n\t\t\t\t\t<div style=\"background-color:; text-align:center;\" class=\"heading-seperator center-sep\"><\/div>\n\t\t\t\t\t<p style=\"font-size:; text-align:center; color:;\"><\/p>\n\t\t\t\t<\/div>[vc_column_text]<span lang=\"EN-US\">Fax over IP (FOIP); geleneksel faks kartlar\u0131n\u0131n kullan\u0131m\u0131n\u0131 ortadan kald\u0131rarak, varolan Voice over IP (VOIP) a\u011f\u0131n\u0131 kullanan yaz\u0131l\u0131m tabanl\u0131 bir faks teknolojisidir. FOIP, geleneksel faks sunucular\u0131n\u0131n t\u00fcm g\u00fcvenli\u011fi , g\u00fcvenirlirli\u011fi ve avantajlar\u0131na ek olarak sanalla\u015ft\u0131rma ile sunucu konsolidasyonu ve birle\u015fik ileti\u015fim stratejisini de destekler. <\/span>[\/vc_column_text]<div style=\"margin:;\" class=\"special-heading\">\n\t\t\t\t\t<h1 style=\"font-size:; font-weight:; line-height:; text-align:center; text-transform:none; color:;\">FoIP Avantajlar\u0131<\/h1>\n\t\t\t\t\t<div style=\"background-color:; text-align:center;\" class=\"heading-seperator center-sep\"><\/div>\n\t\t\t\t\t<p style=\"font-size:; text-align:center; color:;\"><\/p>\n\t\t\t\t<\/div><div class=\"list-shortcode\"><\/p>\n<ul>\n<li>Sanalla\u015ft\u0131rma sayesinde d\u00fc\u015f\u00fck donan\u0131m maliyeti ve enerji tasarrufu sa\u011flar.<\/li>\n<li>Veri ses ve faks a\u011f\u0131n\u0131 birle\u015ftirerek bak\u0131m ve y\u00f6netim maliyetlerini d\u00fc\u015f\u00fcr\u00fcr.<\/li>\n<li>Merkezi bir faks altyap\u0131s\u0131, sistem y\u00f6netimi kolayla\u015f\u0131r ve gereksiz telefon hatlar\u0131n\u0131n kullan\u0131m\u0131n\u0131 azalt\u0131r.<\/li>\n<li>Sanalla\u015ft\u0131rma imkan\u0131 yedekleme ve felaket y\u00f6netimi senaryolar\u0131n\u0131 kolayla\u015ft\u0131r\u0131r.<\/li>\n<li>Geleneksel faks sunucular\u0131ndaki her lokasyonda bir faks sunucusu bulundurma zorunlu\u011fu kalmaz ve merkezi faks sunucusuna kolayl\u0131kla ge\u00e7ilebilir.<\/li>\n<li>Faks kartlar\u0131 kullan\u0131ld\u0131\u011f\u0131 durumda faks i\u00e7in \u00f6zel PSTN telefon hatt\u0131 kulland\u0131rma zorunlulu\u011fu FOIP \u00e7\u00f6z\u00fcmlerinde kalkm\u0131\u015ft\u0131r. PBX ya da Media Gateway \u00fczerinde bulunan PSTN hatlar telefon i\u00e7in de kullan\u0131labildi\u011fi gibi faks i\u00e7inde kullan\u0131labilir.<\/li>\n<\/ul>\n<p><\/div>[vc_video link=&#8221;https:\/\/www.youtube.com\/watch?v=u9AF3Fe2gHo&#8221; align=&#8221;center&#8221; title=&#8221;Video \u0130zleyin&#8221;][\/vc_column][\/vc_row][\/vc_section]<\/p>\n","protected":false},"excerpt":{"rendered":"<p>[vc_section][vc_row css=&#8221;.vc_custom_1519502964278{margin-top: 30px !important;}&#8221;][vc_column][vc_column_text]Fax over IP (FOIP); geleneksel faks kartlar\u0131n\u0131n kullan\u0131m\u0131n\u0131 ortadan kald\u0131rarak, varolan Voice over IP (VOIP) a\u011f\u0131n\u0131 kullanan yaz\u0131l\u0131m tabanl\u0131 bir faks teknolojisidir. FOIP, geleneksel faks sunucular\u0131n\u0131n t\u00fcm g\u00fcvenli\u011fi , g\u00fcvenirlirli\u011fi ve avantajlar\u0131na ek olarak sanalla\u015ft\u0131rma ile sunucu konsolidasyonu ve birle\u015fik ileti\u015fim stratejisini de destekler. [\/vc_column_text][vc_video link=&#8221;https:\/\/www.youtube.com\/watch?v=u9AF3Fe2gHo&#8221; align=&#8221;center&#8221; [&hellip;]<\/p>\n","protected":false},"author":1,"featured_media":0,"parent":0,"menu_order":0,"comment_status":"closed","ping_status":"closed","template":"","meta":{"footnotes":""},"aioseo_notices":[],"_links":{"self":[{"href":"https:\/\/www.kets.com\/tr\/wp-json\/wp\/v2\/pages\/3213"}],"collection":[{"href":"https:\/\/www.kets.com\/tr\/wp-json\/wp\/v2\/pages"}],"about":[{"href":"https:\/\/www.kets.com\/tr\/wp-json\/wp\/v2\/types\/page"}],"author":[{"embeddable":true,"href":"https:\/\/www.kets.com\/tr\/wp-json\/wp\/v2\/users\/1"}],"replies":[{"embeddable":true,"href":"https:\/\/www.kets.com\/tr\/wp-json\/wp\/v2\/comments?post=3213"}],"version-history":[{"count":9,"href":"https:\/\/www.kets.com\/tr\/wp-json\/wp\/v2\/pages\/3213\/revisions"}],"predecessor-version":[{"id":3428,"href":"https:\/\/www.kets.com\/tr\/wp-json\/wp\/v2\/pages\/3213\/revisions\/3428"}],"wp:attachment":[{"href":"https:\/\/www.kets.com\/tr\/wp-json\/wp\/v2\/media?parent=3213"}],"curies":[{"name":"wp","href":"https:\/\/api.w.org\/{rel}","templated":true}]}}