{"id":3410,"date":"2018-03-26T16:17:53","date_gmt":"2018-03-26T13:17:53","guid":{"rendered":"http:\/\/kets.com\/wswp\/?page_id=3410"},"modified":"2018-03-30T09:26:42","modified_gmt":"2018-03-30T06:26:42","slug":"rightfax-kets-cozumleri","status":"publish","type":"page","link":"https:\/\/www.kets.com\/tr\/rightfax-kets-cozumleri\/","title":{"rendered":"RightFax Kets \u00c7\u00f6z\u00fcmleri"},"content":{"rendered":"<p>[vc_row css=&#8221;.vc_custom_1522072100212{margin-top: 20px !important;}&#8221;][vc_column][vc_row_inner][vc_column_inner][vc_text_separator title=&#8221;Kets RightFax Xml Gateway&#8221;][vc_column_text]Kets RightFax XML Gateway farkl\u0131 uygulamalardan kolay bir \u015fekilde faks g\u00f6nderilmesine ve rapor al\u0131nmas\u0131na olanak sa\u011flayan bir windows servisidir. Belirli bir klas\u00f6re koyulan ve a\u015fa\u011f\u0131da \u00f6rne\u011fi g\u00f6r\u00fclen xml dosyalar\u0131 i\u015fleyerek faks g\u00f6nderimini ger\u00e7ekle\u015ftirmektedir. Ba\u015far\u0131l\u0131 veya ba\u015far\u0131s\u0131z olarak sonu\u00e7lanan faks i\u015flemlerine ait rapor dosyalar\u0131n\u0131 da belirli bir klas\u00f6rde olu\u015fturmaktad\u0131r.[\/vc_column_text][\/vc_column_inner][\/vc_row_inner][vc_row_inner][vc_column_inner][vc_text_separator title=&#8221;Kets RightFax Xml Router&#8221;][vc_column_text]Kets RightFax XML Router program\u0131 Rightfax sunucusuna gelen fakslar\u0131n\u00a0 farkl\u0131 uygulamalar i\u00e7erisine at\u0131lmas\u0131 i\u00e7in kullan\u0131lan bir bir windows servisidir. Kets XML Router program\u0131 belirli numaralara gelen fakslar\u0131 \u00f6nceden tan\u0131mlanan bir tif (ya da pdf) dosyas\u0131 ve XML dosyas\u0131 olarak ekler. XML dosyas\u0131 i\u00e7erisinde gelen faks ile ilgili indeks bilgileri yer al\u0131r. Faks\u0131n hangi numaradan geldi\u011fi, hangi numaraya \u00e7ekildi\u011fi, faks\u0131n CSID\u2019si, sayfa say\u0131s\u0131 vs. gibi bilgilerdir.<\/p>\n<p>[\/vc_column_text][\/vc_column_inner][\/vc_row_inner][\/vc_column][\/vc_row]<\/p>\n","protected":false},"excerpt":{"rendered":"<p>[vc_row css=&#8221;.vc_custom_1522072100212{margin-top: 20px !important;}&#8221;][vc_column][vc_row_inner][vc_column_inner][vc_text_separator title=&#8221;Kets RightFax Xml Gateway&#8221;][vc_column_text]Kets RightFax XML Gateway farkl\u0131 uygulamalardan kolay bir \u015fekilde faks g\u00f6nderilmesine ve rapor al\u0131nmas\u0131na olanak sa\u011flayan bir windows servisidir. Belirli bir klas\u00f6re koyulan ve a\u015fa\u011f\u0131da \u00f6rne\u011fi g\u00f6r\u00fclen xml dosyalar\u0131 i\u015fleyerek faks g\u00f6nderimini ger\u00e7ekle\u015ftirmektedir. Ba\u015far\u0131l\u0131 veya ba\u015far\u0131s\u0131z olarak sonu\u00e7lanan faks i\u015flemlerine ait rapor dosyalar\u0131n\u0131 [&hellip;]<\/p>\n","protected":false},"author":1,"featured_media":0,"parent":0,"menu_order":0,"comment_status":"closed","ping_status":"closed","template":"","meta":{"footnotes":""},"aioseo_notices":[],"_links":{"self":[{"href":"https:\/\/www.kets.com\/tr\/wp-json\/wp\/v2\/pages\/3410"}],"collection":[{"href":"https:\/\/www.kets.com\/tr\/wp-json\/wp\/v2\/pages"}],"about":[{"href":"https:\/\/www.kets.com\/tr\/wp-json\/wp\/v2\/types\/page"}],"author":[{"embeddable":true,"href":"https:\/\/www.kets.com\/tr\/wp-json\/wp\/v2\/users\/1"}],"replies":[{"embeddable":true,"href":"https:\/\/www.kets.com\/tr\/wp-json\/wp\/v2\/comments?post=3410"}],"version-history":[{"count":7,"href":"https:\/\/www.kets.com\/tr\/wp-json\/wp\/v2\/pages\/3410\/revisions"}],"predecessor-version":[{"id":3438,"href":"https:\/\/www.kets.com\/tr\/wp-json\/wp\/v2\/pages\/3410\/revisions\/3438"}],"wp:attachment":[{"href":"https:\/\/www.kets.com\/tr\/wp-json\/wp\/v2\/media?parent=3410"}],"curies":[{"name":"wp","href":"https:\/\/api.w.org\/{rel}","templated":true}]}}