{"id":3418,"date":"2018-03-28T15:43:35","date_gmt":"2018-03-28T12:43:35","guid":{"rendered":"https:\/\/kets.com\/wswp\/?page_id=3418"},"modified":"2018-04-18T14:18:48","modified_gmt":"2018-04-18T11:18:48","slug":"rightfax-modulleri","status":"publish","type":"page","link":"https:\/\/www.kets.com\/tr\/rightfax-modulleri\/","title":{"rendered":"RightFax Mod\u00fclleri"},"content":{"rendered":"<p>[vc_section css=&#8221;.vc_custom_1522053218011{margin-top: 20px !important;}&#8221;][vc_row][vc_column width=&#8221;1\/4&#8243;][vc_widget_sidebar sidebar_id=&#8221;services-sidebar&#8221;]<div class=\"iconbox  iconbox-style-3\" style=\"background-color:;\">\n\t\t\t\t\t\t<i style=\"color:; background-color:;\" class=\"fa fa-download \"><\/i>\n\t\t\t\t\t\t\t<div class=\"iconbox-content\">\n\t\t\t\t\t\t\t\t<h3 style=\"color:;\">\u00dcr\u00fcn Bro\u015f\u00fcr\u00fc<\/h3>\n\t\t\t\t\t\t\t\t<p style=\"color:;\"><\/p>\n                        \t\t<div class=\"iconbox-btn\"><a style=\"background-color:;\" href=https:\/\/www.kets.com\/download\/documents\/RightFax\/RightFax_Add_On_Modules_by_Server_Type.pdf target=_blank>\u0130ndir<\/a><\/div>                        \n\t\t\t\t\t\t\t<\/div>\n\t\t\t\t\t<\/div>[\/vc_column][vc_column width=&#8221;3\/4&#8243;]<div style=\"margin:;\" class=\"special-heading\">\n\t\t\t\t\t<h1 style=\"font-size:; font-weight:; line-height:; text-align:center; text-transform:none; color:;\">RightFax Ek Mod\u00fclleri<\/h1>\n\t\t\t\t\t<div style=\"background-color:; text-align:center;\" class=\"heading-seperator center-sep\"><\/div>\n\t\t\t\t\t<p style=\"font-size:; text-align:center; color:;\"><\/p>\n\t\t\t\t<\/div>[vc_column_text]<strong>Rightfax Analytics:<\/strong> Sistem performans\u0131, kullan\u0131m hacmi istatistikleri ve faks teslimat bilgilerine kolayca eri\u015fmek, analiz etmek ve tan\u0131mlamak i\u00e7in gerekli raporlar\u0131 \u00e7\u0131kartabilme imkan\u0131 verir.<\/p>\n<p><strong>PDF Module :\u00a0<\/strong> Rightfax \u00fczerinden PDF ve Postscript dok\u00fcmanlar\u0131n\u0131n attachment olarak g\u00f6nderilebilmesini sa\u011flar.<\/p>\n<p><strong>Searchable PDF Module :<\/strong> Rightfax \u00fczerinden g\u00f6nderilen ve al\u0131nan faks imajlar\u0131n\u0131 arama yap\u0131labilebilir text dok\u00fcmanlar haline getirir ve faks i\u00e7eriklerinde arama yap\u0131labilir hale gelir.<\/p>\n<p><strong>Bar Code Routing Module :<\/strong> Kapak sayfas\u0131 ya da faks\u0131n ilk sayfas\u0131nda bulunan barkodun otomatik y\u00f6nlendirme i\u00e7in kullan\u0131labilmesi i\u00e7in gereklidir.<\/p>\n<p><strong>SecureDocs Module :<\/strong> Email \u00fczerinden g\u00f6nderimlerde encrypted PDF g\u00f6nderilmesini ve password ile ekstra d\u00f6k\u00fcman\u0131n korunmas\u0131n\u0131 sa\u011flar.<\/p>\n<p><strong>Shared Services Module :<\/strong> \u0130ki ya da daha fazla sunucunun tek bir veritaban\u0131 kullanarak ortak \u00e7al\u0131\u015fabilmesini sa\u011flar.<\/p>\n<p><strong>XML Generator Module :<\/strong> Gelen ve giden fakslar\u0131n XML olarak bir yerden okunmas\u0131n\u0131 ya da bir yere yaz\u0131lmas\u0131n\u0131 sa\u011flar.<\/p>\n<p><strong>Integration Module :<\/strong> Oracle, SAP, ERP ve CRM uygulamalar\u0131 ile entegrasyon yap\u0131labilmesine olanak tan\u0131r.<\/p>\n<p><strong>Business Integration Module :<\/strong> En fazla iki adet entegrasyon yap\u0131labilmesine olanak tan\u0131r.<\/p>\n<p><strong>RightFax Encryption Module :<\/strong> B\u00fct\u00fcn faks imajlar\u0131n\u0131n Image klas\u00f6r\u00fcnde TripleDES 192 bit ile \u015fifrelenmi\u015f olarak tutulabilmesine olanak tan\u0131r.<\/p>\n<p><strong>RightFax Vault :<\/strong> Opentext Alchemy dok\u00fcman y\u00f6netim sistemi ile entegrasyonu sa\u011flar.<\/p>\n<p><strong>RightFax Image High Availability :<\/strong> Faks imajlar\u0131n\u0131n SQL Server i\u00e7erisinde tutulabilmesine olanak tan\u0131r.<\/p>\n<p><strong>RightFax Remote DocTransport Server :<\/strong> Uzak ofisler i\u00e7in, faks hatlar\u0131n\u0131 \u015fubelerde sonland\u0131rabilece\u011fini donan\u0131m \u00e7\u00f6z\u00fcm\u00fcn\u00fc i\u00e7erir<\/p>\n<p><strong>Connector for Microsoft\u00ae Exchange :<\/strong> Exchange ile geli\u015fmi\u015f entegrasyon sunar. Kullan\u0131c\u0131lar\u0131n Outlook\u2019a y\u00fcklenen bir eklenti ile kolayca faks g\u00f6nderebilmesine olanak tan\u0131r.<\/p>\n<p><strong>Connector for IBM\u00ae Notes\u00ae:<\/strong> Lotus Domino ile geli\u015fmi\u015f entegrasyon imkan\u0131 verir.<\/p>\n<p><strong>Connector for SAP\u00ae ERP :<\/strong> SAP uygulamalar\u0131ndan\u00a0 ve SAP Office uygulamas\u0131ndan connector vas\u0131tas\u0131yla manuel ya da otomatik faks g\u00f6nderilebilmesine olanak verir.<\/p>\n<p><strong>Connector for IBM\u00ae FileNet\u00ae:<\/strong> IBM FileNet dok\u00fcman y\u00f6netim sistemi ile fakslar\u0131n orada ar\u015fivlenmesini ve i\u015f ak\u0131\u015flar\u0131na dahil edilmesine olanak tan\u0131r.<\/p>\n<p><strong>Connector for OpenText\u2122 eDOCS :<\/strong> eDocs dok\u00fcman y\u00f6netim sistemi ile entegrasyona olanak tan\u0131r.<\/p>\n<p><strong>Connector for Microsoft\u00ae SharePoint\u00ae:<\/strong> Microsoft Sharepoint uygulamas\u0131 ile entegrasyonu sa\u011flar.<\/p>\n<p><strong>SMTP Connector for MFPs :<\/strong> Direkt entegrasyonu olmayan MFP cihazlarla mail \u00fczerinden entegrasyon imkan\u0131 sa\u011flar.<\/p>\n<p><strong>XML Connector for MFPs :<\/strong> Direkt entegrasyonu olmayan MFP cihazlarla XML \u00fczerinden entegrasyon imkan\u0131 sa\u011flar.<\/p>\n<p><strong>Connector for Ricoh\u00ae ESA\u00ae :<\/strong> Ricoh MP cihazlarla entegrasyon sa\u011flar.<\/p>\n<p><strong>Connector for Xerox\u00ae EIP\u00ae MFPs :<\/strong> Xerox EIP uygulamas\u0131 \u00fczerinden entegrasyon imkan\u0131 sa\u011flar.<\/p>\n<p><strong>Connector for Xerox MFPs :<\/strong> Xerox cihazlarla entegrasyonu sa\u011flar<\/p>\n<p><strong>Connector for Konica Minolta\u00ae MFPs :<\/strong> Konica Minolta cihazlarla entegrasyonu sa\u011flar<\/p>\n<p><strong>Connector for HP\u00ae DSS\u00ae MFPs :<\/strong> HP DSS uygulamas\u0131 ile entegrasyonu sa\u011flar.<\/p>\n<p><strong>Connector for HP\u00ae OXP\/d\u00ae MFPs :<\/strong> HP OXP\/d ile entegrasyon imkan\u0131 sa\u011flar.[\/vc_column_text][\/vc_column][\/vc_row][\/vc_section]<\/p>\n","protected":false},"excerpt":{"rendered":"<p>[vc_section css=&#8221;.vc_custom_1522053218011{margin-top: 20px !important;}&#8221;][vc_row][vc_column width=&#8221;1\/4&#8243;][vc_widget_sidebar sidebar_id=&#8221;services-sidebar&#8221;][\/vc_column][vc_column width=&#8221;3\/4&#8243;][vc_column_text]Rightfax Analytics: Sistem performans\u0131, kullan\u0131m hacmi istatistikleri ve faks teslimat bilgilerine kolayca eri\u015fmek, analiz etmek ve tan\u0131mlamak i\u00e7in gerekli raporlar\u0131 \u00e7\u0131kartabilme imkan\u0131 verir. PDF Module :\u00a0 Rightfax \u00fczerinden PDF ve Postscript dok\u00fcmanlar\u0131n\u0131n attachment olarak g\u00f6nderilebilmesini sa\u011flar. Searchable PDF Module : Rightfax \u00fczerinden g\u00f6nderilen ve [&hellip;]<\/p>\n","protected":false},"author":1,"featured_media":0,"parent":0,"menu_order":0,"comment_status":"closed","ping_status":"closed","template":"","meta":{"footnotes":""},"aioseo_notices":[],"_links":{"self":[{"href":"https:\/\/www.kets.com\/tr\/wp-json\/wp\/v2\/pages\/3418"}],"collection":[{"href":"https:\/\/www.kets.com\/tr\/wp-json\/wp\/v2\/pages"}],"about":[{"href":"https:\/\/www.kets.com\/tr\/wp-json\/wp\/v2\/types\/page"}],"author":[{"embeddable":true,"href":"https:\/\/www.kets.com\/tr\/wp-json\/wp\/v2\/users\/1"}],"replies":[{"embeddable":true,"href":"https:\/\/www.kets.com\/tr\/wp-json\/wp\/v2\/comments?post=3418"}],"version-history":[{"count":13,"href":"https:\/\/www.kets.com\/tr\/wp-json\/wp\/v2\/pages\/3418\/revisions"}],"predecessor-version":[{"id":3500,"href":"https:\/\/www.kets.com\/tr\/wp-json\/wp\/v2\/pages\/3418\/revisions\/3500"}],"wp:attachment":[{"href":"https:\/\/www.kets.com\/tr\/wp-json\/wp\/v2\/media?parent=3418"}],"curies":[{"name":"wp","href":"https:\/\/api.w.org\/{rel}","templated":true}]}}