{"id":3429,"date":"2018-03-29T16:55:15","date_gmt":"2018-03-29T13:55:15","guid":{"rendered":"https:\/\/kets.com\/wswp\/?page_id=3429"},"modified":"2018-05-03T14:15:09","modified_gmt":"2018-05-03T11:15:09","slug":"opentext-rightfax-analytics","status":"publish","type":"page","link":"https:\/\/www.kets.com\/tr\/opentext-rightfax-analytics\/","title":{"rendered":"OpenText RightFax Analytics"},"content":{"rendered":"<p>[vc_row css=&#8221;.vc_custom_1522390994451{margin-top: 20px !important;}&#8221;][vc_column width=&#8221;1\/4&#8243;][vc_widget_sidebar sidebar_id=&#8221;services-sidebar&#8221;]<div class=\"iconbox  iconbox-style-3\" style=\"background-color:;\">\n\t\t\t\t\t\t<i style=\"color:; background-color:;\" class=\"fa fa-download \"><\/i>\n\t\t\t\t\t\t\t<div class=\"iconbox-content\">\n\t\t\t\t\t\t\t\t<h3 style=\"color:;\">\u00dcr\u00fcn Bro\u015f\u00fcr\u00fc<\/h3>\n\t\t\t\t\t\t\t\t<p style=\"color:;\"><\/p>\n                        \t\t<div class=\"iconbox-btn\"><a style=\"background-color:;\" href=https:\/\/www.kets.com\/tr\/wp-content\/uploads\/2018\/04\/opentext-rightfax-analytics-solution-overview.pdf target=_blank>\u0130ndir<\/a><\/div>                        \n\t\t\t\t\t\t\t<\/div>\n\t\t\t\t\t<\/div>[\/vc_column][vc_column width=&#8221;3\/4&#8243;][vc_text_separator title=&#8221;OpenText RightFax Analytics Mod\u00fcl\u00fc&#8221;][vc_column_text]Sistem performans\u0131, kullan\u0131m hacmi istatistikleri ve faks teslimat bilgilerine kolayca eri\u015fmek, analiz etmek ve tan\u0131mlamak i\u00e7in RightFax Analytics mod\u00fcl\u00fc ile faks sisteminizin kapsaml\u0131 bir g\u00f6r\u00fcn\u00fcm\u00fc elde edilir.<\/p>\n<p>Analytics&#8217;i RightFax Faks \u0130\u015flemlerine Uygulama<\/p>\n<p>Modern i\u015fletmeler, g\u00fcn\u00fcm\u00fczde analitik incelemeye \u00e7ok b\u00fcy\u00fck ihtiya\u00e7 duymaktad\u0131r. OpenText RightFax Analytics; bu talebi yerine getirir, verimlili\u011fi ve karl\u0131l\u0131\u011f\u0131 geli\u015ftirmek i\u00e7in gerekli olan verileri ve e\u011filimleri g\u00f6rselle\u015ftirerek g\u00f6r\u00fcnt\u00fcleyebilmenizi sa\u011flar.<\/p>\n<p>RightFax web y\u00f6netim konsolu arac\u0131l\u0131\u011f\u0131yla kullan\u0131labilen bu RightFax Analytics, son \u00fc\u00e7 saat, son 24 saat ve son 30 g\u00fcne ait verileri g\u00f6rsel olarak \u00fc\u00e7 kategoride de g\u00f6steren bir h\u0131zl\u0131 g\u00f6r\u00fcn\u00fcm tablosu sunar:<\/p>\n<ul>\n<li>Faks Hacmi Say\u0131lar\u0131: Toplam faks say\u0131lar\u0131n\u0131 g\u00fcn, ay veya saat baz\u0131nda listeleme<\/li>\n<li>\u00a0Faks Sayfa Say\u0131lar\u0131: Toplam faks sayfa say\u0131lar\u0131n\u0131 g\u00fcn, ay veya saat baz\u0131nda listeleme<\/li>\n<li>\u00a0G\u00f6nderim talepleri : \u0130lk arama ba\u015far\u0131 oran\u0131n\u0131, ba\u015far\u0131s\u0131zl\u0131k oran\u0131n\u0131 ve ayr\u0131nt\u0131l\u0131 ba\u015far\u0131s\u0131zl\u0131k nedenini dahil olmak \u00fczere, fakslar\u0131n ba\u015far\u0131 ve ba\u015far\u0131s\u0131zl\u0131k oranlar\u0131n\u0131 g\u00f6r\u00fcnt\u00fcleme<\/li>\n<li><img loading=\"lazy\" decoding=\"async\" class=\"alignnone size-full wp-image-3435\" src=\"https:\/\/www.kets.com\/tr\/wp-content\/uploads\/2018\/03\/dashboard.png\" alt=\"\" width=\"704\" height=\"708\" srcset=\"https:\/\/www.kets.com\/tr\/wp-content\/uploads\/2018\/03\/dashboard.png 704w, https:\/\/www.kets.com\/tr\/wp-content\/uploads\/2018\/03\/dashboard-150x150.png 150w, https:\/\/www.kets.com\/tr\/wp-content\/uploads\/2018\/03\/dashboard-298x300.png 298w, https:\/\/www.kets.com\/tr\/wp-content\/uploads\/2018\/03\/dashboard-50x50.png 50w\" sizes=\"(max-width: 704px) 100vw, 704px\" \/><\/li>\n<\/ul>\n<p>[\/vc_column_text][\/vc_column][\/vc_row]<\/p>\n","protected":false},"excerpt":{"rendered":"<p>[vc_row css=&#8221;.vc_custom_1522390994451{margin-top: 20px !important;}&#8221;][vc_column width=&#8221;1\/4&#8243;][vc_widget_sidebar sidebar_id=&#8221;services-sidebar&#8221;][\/vc_column][vc_column width=&#8221;3\/4&#8243;][vc_text_separator title=&#8221;OpenText RightFax Analytics Mod\u00fcl\u00fc&#8221;][vc_column_text]Sistem performans\u0131, kullan\u0131m hacmi istatistikleri ve faks teslimat bilgilerine kolayca eri\u015fmek, analiz etmek ve tan\u0131mlamak i\u00e7in RightFax Analytics mod\u00fcl\u00fc ile faks sisteminizin kapsaml\u0131 bir g\u00f6r\u00fcn\u00fcm\u00fc elde edilir. Analytics&#8217;i RightFax Faks \u0130\u015flemlerine Uygulama Modern i\u015fletmeler, g\u00fcn\u00fcm\u00fczde analitik incelemeye \u00e7ok b\u00fcy\u00fck ihtiya\u00e7 [&hellip;]<\/p>\n","protected":false},"author":1,"featured_media":0,"parent":0,"menu_order":0,"comment_status":"closed","ping_status":"closed","template":"","meta":{"footnotes":""},"aioseo_notices":[],"_links":{"self":[{"href":"https:\/\/www.kets.com\/tr\/wp-json\/wp\/v2\/pages\/3429"}],"collection":[{"href":"https:\/\/www.kets.com\/tr\/wp-json\/wp\/v2\/pages"}],"about":[{"href":"https:\/\/www.kets.com\/tr\/wp-json\/wp\/v2\/types\/page"}],"author":[{"embeddable":true,"href":"https:\/\/www.kets.com\/tr\/wp-json\/wp\/v2\/users\/1"}],"replies":[{"embeddable":true,"href":"https:\/\/www.kets.com\/tr\/wp-json\/wp\/v2\/comments?post=3429"}],"version-history":[{"count":14,"href":"https:\/\/www.kets.com\/tr\/wp-json\/wp\/v2\/pages\/3429\/revisions"}],"predecessor-version":[{"id":3505,"href":"https:\/\/www.kets.com\/tr\/wp-json\/wp\/v2\/pages\/3429\/revisions\/3505"}],"wp:attachment":[{"href":"https:\/\/www.kets.com\/tr\/wp-json\/wp\/v2\/media?parent=3429"}],"curies":[{"name":"wp","href":"https:\/\/api.w.org\/{rel}","templated":true}]}}