{"id":471,"date":"2017-06-27T10:36:24","date_gmt":"2017-06-27T10:36:24","guid":{"rendered":"http:\/\/www.financing.dev\/contact-us-2\/"},"modified":"2018-05-04T16:35:25","modified_gmt":"2018-05-04T13:35:25","slug":"iletisim","status":"publish","type":"page","link":"https:\/\/www.kets.com\/tr\/iletisim\/","title":{"rendered":"\u0130leti\u015fim"},"content":{"rendered":"<p>[vc_row equal_height=&#8221;yes&#8221; css=&#8221;.vc_custom_1519051379094{margin-top: 80px !important;padding-top: 30px !important;}&#8221;][vc_column width=&#8221;1\/4&#8243;]<div class=\"iconbox  iconbox-style-1\">\n\t\t\t\t\t\t<i style=\"color:; background-color:;\" class=\"fa  fa-map-marker \"><\/i>\n\t\t\t\t\t\t<div class=\"iconbox-content\">\n\t\t\t\t\t\t\t<h3 style=\"color:;\">Adres<\/h3>\n\t\t\t\t\t\t\t<p style=\"color:;\">Ferah Sok. No:27 D:4-5 Te\u015fvikiye\/ \u015ei\u015fli \/ \u0130stanbul<\/p>\n                        \t                        \n\t\t\t\t\t\t<\/div>\n\t\t\t\t\t<\/div>[\/vc_column][vc_column width=&#8221;1\/4&#8243;]<div class=\"iconbox  iconbox-style-1\">\n\t\t\t\t\t\t<i style=\"color:; background-color:;\" class=\"fa  fa-envelope-o \"><\/i>\n\t\t\t\t\t\t<div class=\"iconbox-content\">\n\t\t\t\t\t\t\t<h3 style=\"color:;\">E-Posta<\/h3>\n\t\t\t\t\t\t\t<p style=\"color:;\"><a href=\"mailto:kets@kets.com\">kets@kets.com<\/a><\/p>\n                        \t                        \n\t\t\t\t\t\t<\/div>\n\t\t\t\t\t<\/div>[\/vc_column][vc_column width=&#8221;1\/4&#8243;]<div class=\"iconbox  iconbox-style-1\">\n\t\t\t\t\t\t<i style=\"color:; background-color:;\" class=\"fa  fa-headphones \"><\/i>\n\t\t\t\t\t\t<div class=\"iconbox-content\">\n\t\t\t\t\t\t\t<h3 style=\"color:;\">Telefon No<\/h3>\n\t\t\t\t\t\t\t<p style=\"color:;\">+90 (212) 232 56 66<\/p>\n                        \t                        \n\t\t\t\t\t\t<\/div>\n\t\t\t\t\t<\/div>[\/vc_column][vc_column width=&#8221;1\/4&#8243;]<div class=\"iconbox  iconbox-style-1\">\n\t\t\t\t\t\t<i style=\"color:; background-color:;\" class=\"fa fa-fax \"><\/i>\n\t\t\t\t\t\t<div class=\"iconbox-content\">\n\t\t\t\t\t\t\t<h3 style=\"color:;\">Faks No<\/h3>\n\t\t\t\t\t\t\t<p style=\"color:;\">+90 (212) 240 18 28<\/p>\n                        \t                        \n\t\t\t\t\t\t<\/div>\n\t\t\t\t\t<\/div>[\/vc_column][\/vc_row][vc_row][vc_column]<div style=\"margin:10px 0px 50px 0px;\" class=\"special-heading\">\n\t\t\t\t\t<h1 style=\"font-size:; font-weight:; line-height:; text-align:center; text-transform:none; color:;\">Bizimle \u0130leti\u015fime Ge\u00e7in<\/h1>\n\t\t\t\t\t<div style=\"background-color:; text-align:center;\" class=\"heading-seperator center-sep\"><\/div>\n\t\t\t\t\t<p style=\"font-size:; text-align:center; color:;\">A\u015fa\u011f\u0131daki formu kullanarak bize ula\u015fabilirsiniz dan\u0131\u015fmanlar\u0131m\u0131z en k\u0131sa s\u00fcrede sizinle temas kuracakt\u0131r.<\/p>\n\t\t\t\t<\/div>[\/vc_column][\/vc_row][vc_row 0=&#8221;&#8221; css=&#8221;.vc_custom_1503577727158{margin-bottom: 20px !important;}&#8221;][vc_column 0=&#8221;&#8221;]<div role=\"form\" class=\"wpcf7\" id=\"wpcf7-f1330-o1\" lang=\"en-US\" dir=\"ltr\">\n<div class=\"screen-reader-response\"><p role=\"status\" aria-live=\"polite\" aria-atomic=\"true\"><\/p> <ul><\/ul><\/div>\n<form action=\"\/tr\/wp-json\/wp\/v2\/pages\/471#wpcf7-f1330-o1\" method=\"post\" class=\"wpcf7-form init\" novalidate=\"novalidate\" data-status=\"init\">\n<div style=\"display: none;\">\n<input type=\"hidden\" name=\"_wpcf7\" value=\"1330\" \/>\n<input type=\"hidden\" name=\"_wpcf7_version\" value=\"5.6.4\" \/>\n<input type=\"hidden\" name=\"_wpcf7_locale\" value=\"en_US\" \/>\n<input type=\"hidden\" name=\"_wpcf7_unit_tag\" value=\"wpcf7-f1330-o1\" \/>\n<input type=\"hidden\" name=\"_wpcf7_container_post\" value=\"0\" \/>\n<input type=\"hidden\" name=\"_wpcf7_posted_data_hash\" value=\"\" \/>\n<\/div>\n<p class=\"left_field\">\n  <span class=\"wpcf7-form-control-wrap\" data-name=\"text-819\"><input type=\"text\" name=\"text-819\" value=\"\" size=\"40\" class=\"wpcf7-form-control wpcf7-text wpcf7-validates-as-required\" aria-required=\"true\" aria-invalid=\"false\" placeholder=\"Ad\u0131n\u0131z*\" \/><\/span>\n<\/p>\n<p class=\"right_field\">\n  <span class=\"wpcf7-form-control-wrap\" data-name=\"email-958\"><input type=\"email\" name=\"email-958\" value=\"\" size=\"40\" class=\"wpcf7-form-control wpcf7-text wpcf7-email wpcf7-validates-as-required wpcf7-validates-as-email\" aria-required=\"true\" aria-invalid=\"false\" placeholder=\"E-Posta Adresiniz*\" \/><\/span>\n<\/p>\n<p class=\"left_field\">\n  <span class=\"wpcf7-form-control-wrap\" data-name=\"tel-766\"><input type=\"tel\" name=\"tel-766\" value=\"\" size=\"40\" class=\"wpcf7-form-control wpcf7-text wpcf7-tel wpcf7-validates-as-required wpcf7-validates-as-tel\" aria-required=\"true\" aria-invalid=\"false\" placeholder=\"Telefon No*\" \/><\/span>\n<\/p>\n<p class=\"right_field\">\n  <span class=\"wpcf7-form-control-wrap\" data-name=\"text-820\"><input type=\"text\" name=\"text-820\" value=\"\" size=\"40\" class=\"wpcf7-form-control wpcf7-text\" aria-invalid=\"false\" placeholder=\"Konu\" \/><\/span>\n<\/p>\n<p class=\"right_field\">\n  <span class=\"wpcf7-form-control-wrap\" data-name=\"text-821\"><input type=\"text\" name=\"text-821\" value=\"\" size=\"40\" class=\"wpcf7-form-control wpcf7-text\" aria-invalid=\"false\" placeholder=\"Firma Ad\u0131n\u0131z\" \/><\/span>\n<\/p>\n<p class=\"left_field\">\n  <span class=\"wpcf7-form-control-wrap\" data-name=\"menu-64\"><select name=\"menu-64\" class=\"wpcf7-form-control wpcf7-select wpcf7-validates-as-required\" aria-required=\"true\" aria-invalid=\"false\"><option value=\"\u0130leti\u015fim Sebebiniz?\">\u0130leti\u015fim Sebebiniz?<\/option><option value=\"Teknik Destek\">Teknik Destek<\/option><option value=\"Bilgi Alma\">Bilgi Alma<\/option><option value=\"\u0130\u015f Birlikleri\">\u0130\u015f Birlikleri<\/option><option value=\"Di\u011fer\">Di\u011fer<\/option><\/select><\/span>\n<\/p>\n<p class=\"message_field\">\n  <span class=\"wpcf7-form-control-wrap\" data-name=\"textarea-680\"><textarea name=\"textarea-680\" cols=\"40\" rows=\"10\" class=\"wpcf7-form-control wpcf7-textarea wpcf7-validates-as-required\" aria-required=\"true\" aria-invalid=\"false\" placeholder=\"Mesaj\u0131n\u0131z\"><\/textarea><\/span>\n<\/p>\n<p><p class=\"cf7ascaptcha\"><input name=\"cf7as_hdn_cpthaval1\" id=\"cf7as_hdn_cpthaval1\" type=\"hidden\" value=\"9\" \/><input name=\"cf7as_hdn_cpthaval2\" id=\"cf7as_hdn_cpthaval2\" type=\"hidden\" value=\"8\" \/><input name=\"cf7as_hdn_cpthaaction\" id=\"cf7as_hdn_cpthaaction\" type=\"hidden\" value=\"x\" \/>G\u00fcvenlik Sorusu: <span class=\"cf7as-firstAct\">8<\/span> x<span class=\"cf7as-firstAct\"> 9<\/span> <br><span class=\"wpcf7-form-control-wrap cf7as-captchcode\" data-name=\"cf7as-captchcode\"> <input type=\"text\" aria-invalid=\"false\" aria-required=\"true\" class=\"wpcf7-form-control wpcf7-text wpcf7-validates-as-required\" size=\"5\" value=\"\" name=\"cf7as-captchcode\" placeholder=\"Cevab\u0131n\u0131z\u0131 Yaz\u0131n\u0131z\" style=\"width:200px;margin-bottom:10px;\" oninput=\"this.value = this.value.replace(\/[^0-9.]\/g, '').replace(\/(\\..*)\\.\/g, '$1');\"><\/span><input type=\"hidden\" name=\"cf7as-zplus\" value=\"\"><\/p><input type=\"hidden\" id=\"cf7as_captcha_nonce\" name=\"cf7as_captcha_nonce\" value=\"cbf347e8e7\" \/><input type=\"hidden\" name=\"_wp_http_referer\" value=\"\/tr\/wp-json\/wp\/v2\/pages\/471\" \/><\/p>\n<p><input type=\"submit\" value=\"G\u00f6nder\" class=\"wpcf7-form-control has-spinner wpcf7-submit\" \/><\/p>\n<input type=\"hidden\" id=\"ct_checkjs_cf7_96ea64f3a1aa2fd00c72faacf0cb8ac9\" name=\"ct_checkjs_cf7\" value=\"0\" \/><script >setTimeout(function(){var ct_input_name = \"ct_checkjs_cf7_96ea64f3a1aa2fd00c72faacf0cb8ac9\";if (document.getElementById(ct_input_name) !== null) {var ct_input_value = document.getElementById(ct_input_name).value;document.getElementById(ct_input_name).value = document.getElementById(ct_input_name).value.replace(ct_input_value, '37481383');}}, 1000);<\/script><label class=\"apbct_special_field\" id=\"apbct_label_id31510\" for=\"apbct__email_id__wp_contact_form_7_31510\">31510<\/label><input \n        id=\"apbct__email_id__wp_contact_form_7_31510\" \n        class=\"apbct_special_field apbct__email_id__wp_contact_form_7\"\n        autocomplete=\"off\" \n        name=\"apbct__email_id__wp_contact_form_7_31510\"  \n        type=\"text\" \n        value=\"31510\" \n        size=\"30\" \n        apbct_event_id=\"31510\"\n        maxlength=\"200\" \n    \/><input \n        id=\"apbct_event_id\"\n        class=\"apbct_special_field\"\n        name=\"apbct_event_id\"\n        type=\"hidden\" \n        value=\"31510\" \n            \/><div class=\"wpcf7-response-output\" aria-hidden=\"true\"><\/div><\/form><\/div>[\/vc_column][\/vc_row][vc_row full_width=&#8221;stretch_row_content_no_spaces&#8221;][vc_column][vc_gmaps link=&#8221;#E-8_JTNDaWZyYW1lJTIwc3JjJTNEJTIyaHR0cHMlM0ElMkYlMkZ3d3cuZ29vZ2xlLmNvbSUyRm1hcHMlMkZlbWJlZCUzRnBiJTNEJTIxMW0xOCUyMTFtMTIlMjExbTMlMjExZDE5MjQ3OC4wMzcyMDc5MjElMjEyZDI4LjU4MjI3MzcwNDY2NzUyJTIxM2Q0MS4wODA1OTEwNjMyMzk3NDQlMjEybTMlMjExZjAlMjEyZjAlMjEzZjAlMjEzbTIlMjExaTEwMjQlMjEyaTc2OCUyMTRmMTMuMSUyMTNtMyUyMTFtMiUyMTFzMHgxNGNhYjcwN2I4M2QzYmQ1JTI1M0EweDZmZDU2Zjk1NmIzOWU1ZWUlMjEyc0tldHMlMkJLb20lMjVDMyUyNUJDbmlrYXN5b24lMkJFbGVrdHJvbmlrJTJCT3RvbWFzeW9uJTJCU2lzdGVtbGVyaSUyQlNhbmF5aSUyQlZlJTJCVGljYXJldCUyQkx0ZC4lMkIlMjVDNSUyNTlFdGkuJTIxNWUwJTIxM20yJTIxMXN0ciUyMTJzdHIlMjE0djE1MTkwNTE1OTk5NjglMjIlMjB3aWR0aCUzRCUyMjYwMCUyMiUyMGhlaWdodCUzRCUyMjQ1MCUyMiUyMGZyYW1lYm9yZGVyJTNEJTIyMCUyMiUyMHN0eWxlJTNEJTIyYm9yZGVyJTNBMCUyMiUyMGFsbG93ZnVsbHNjcmVlbiUzRSUzQyUyRmlmcmFtZSUzRQ==&#8221;][\/vc_column][\/vc_row]<\/p>\n","protected":false},"excerpt":{"rendered":"<p>[vc_row equal_height=&#8221;yes&#8221; css=&#8221;.vc_custom_1519051379094{margin-top: 80px !important;padding-top: 30px !important;}&#8221;][vc_column width=&#8221;1\/4&#8243;][\/vc_column][vc_column width=&#8221;1\/4&#8243;][\/vc_column][vc_column width=&#8221;1\/4&#8243;][\/vc_column][vc_column width=&#8221;1\/4&#8243;][\/vc_column][\/vc_row][vc_row][vc_column][\/vc_column][\/vc_row][vc_row 0=&#8221;&#8221; css=&#8221;.vc_custom_1503577727158{margin-bottom: 20px !important;}&#8221;][vc_column 0=&#8221;&#8221;][\/vc_column][\/vc_row][vc_row full_width=&#8221;stretch_row_content_no_spaces&#8221;][vc_column][vc_gmaps link=&#8221;#E-8_JTNDaWZyYW1lJTIwc3JjJTNEJTIyaHR0cHMlM0ElMkYlMkZ3d3cuZ29vZ2xlLmNvbSUyRm1hcHMlMkZlbWJlZCUzRnBiJTNEJTIxMW0xOCUyMTFtMTIlMjExbTMlMjExZDE5MjQ3OC4wMzcyMDc5MjElMjEyZDI4LjU4MjI3MzcwNDY2NzUyJTIxM2Q0MS4wODA1OTEwNjMyMzk3NDQlMjEybTMlMjExZjAlMjEyZjAlMjEzZjAlMjEzbTIlMjExaTEwMjQlMjEyaTc2OCUyMTRmMTMuMSUyMTNtMyUyMTFtMiUyMTFzMHgxNGNhYjcwN2I4M2QzYmQ1JTI1M0EweDZmZDU2Zjk1NmIzOWU1ZWUlMjEyc0tldHMlMkJLb20lMjVDMyUyNUJDbmlrYXN5b24lMkJFbGVrdHJvbmlrJTJCT3RvbWFzeW9uJTJCU2lzdGVtbGVyaSUyQlNhbmF5aSUyQlZlJTJCVGljYXJldCUyQkx0ZC4lMkIlMjVDNSUyNTlFdGkuJTIxNWUwJTIxM20yJTIxMXN0ciUyMTJzdHIlMjE0djE1MTkwNTE1OTk5NjglMjIlMjB3aWR0aCUzRCUyMjYwMCUyMiUyMGhlaWdodCUzRCUyMjQ1MCUyMiUyMGZyYW1lYm9yZGVyJTNEJTIyMCUyMiUyMHN0eWxlJTNEJTIyYm9yZGVyJTNBMCUyMiUyMGFsbG93ZnVsbHNjcmVlbiUzRSUzQyUyRmlmcmFtZSUzRQ==&#8221;][\/vc_column][\/vc_row]<\/p>\n","protected":false},"author":1,"featured_media":0,"parent":0,"menu_order":0,"comment_status":"closed","ping_status":"closed","template":"","meta":{"footnotes":""},"aioseo_notices":[],"_links":{"self":[{"href":"https:\/\/www.kets.com\/tr\/wp-json\/wp\/v2\/pages\/471"}],"collection":[{"href":"https:\/\/www.kets.com\/tr\/wp-json\/wp\/v2\/pages"}],"about":[{"href":"https:\/\/www.kets.com\/tr\/wp-json\/wp\/v2\/types\/page"}],"author":[{"embeddable":true,"href":"https:\/\/www.kets.com\/tr\/wp-json\/wp\/v2\/users\/1"}],"replies":[{"embeddable":true,"href":"https:\/\/www.kets.com\/tr\/wp-json\/wp\/v2\/comments?post=471"}],"version-history":[{"count":22,"href":"https:\/\/www.kets.com\/tr\/wp-json\/wp\/v2\/pages\/471\/revisions"}],"predecessor-version":[{"id":2818,"href":"https:\/\/www.kets.com\/tr\/wp-json\/wp\/v2\/pages\/471\/revisions\/2818"}],"wp:attachment":[{"href":"https:\/\/www.kets.com\/tr\/wp-json\/wp\/v2\/media?parent=471"}],"curies":[{"name":"wp","href":"https:\/\/api.w.org\/{rel}","templated":true}]}}