{"id":477,"date":"2017-06-27T10:38:47","date_gmt":"2017-06-27T10:38:47","guid":{"rendered":"https:\/\/www.financing.dev\/about-us-1\/"},"modified":"2018-05-03T14:18:15","modified_gmt":"2018-05-03T11:18:15","slug":"hakkimizda","status":"publish","type":"page","link":"https:\/\/www.kets.com\/tr\/hakkimizda\/","title":{"rendered":"Hakk\u0131m\u0131zda"},"content":{"rendered":"<p>[vc_row full_width=&#8221;stretch_row&#8221; css=&#8221;.vc_custom_1519199415073{margin-top: 60px !important;padding-top: 10px !important;padding-bottom: 0px !important;background-color: #f9f9f9 !important;}&#8221;][vc_column]<div style=\"margin:10px 25px 15px 10px;\" class=\"special-heading\">\n\t\t\t\t\t<h1 style=\"font-size:25px; font-weight:; line-height:; text-align:left; text-transform:none; color:;\">\u015eirketimiz Hakk\u0131nda<\/h1>\n\t\t\t\t\t\n\t\t\t\t\t<p style=\"font-size:; text-align:left; color:;\"><\/p>\n\t\t\t\t<\/div>[vc_column_text]<\/p>\n<table border=\"0\" width=\"100%\" cellspacing=\"5\" cellpadding=\"5\" bgcolor=\"#FFFFFF\">\n<tbody>\n<tr>\n<td class=\"content-black-13\" valign=\"top\" width=\"100%\">\n<table border=\"0\" width=\"100%\" cellspacing=\"0\" cellpadding=\"0\" bgcolor=\"#FFFFFF\">\n<tbody>\n<tr>\n<td class=\"content-black-13\" valign=\"top\" width=\"100%\" height=\"220\"><img loading=\"lazy\" decoding=\"async\" class=\"size-medium wp-image-2778 alignleft\" src=\"https:\/\/www.kets.com\/tr\/wp-content\/uploads\/revslider\/home-v6\/banner-6-300x180.jpg\" alt=\"\" width=\"300\" height=\"180\" srcset=\"https:\/\/www.kets.com\/tr\/wp-content\/uploads\/revslider\/home-v6\/banner-6-300x180.jpg 300w, https:\/\/www.kets.com\/tr\/wp-content\/uploads\/revslider\/home-v6\/banner-6-768x461.jpg 768w, https:\/\/www.kets.com\/tr\/wp-content\/uploads\/revslider\/home-v6\/banner-6-1024x614.jpg 1024w, https:\/\/www.kets.com\/tr\/wp-content\/uploads\/revslider\/home-v6\/banner-6.jpg 1560w\" sizes=\"(max-width: 300px) 100vw, 300px\" \/>Ofis otomasyonu ve ileti\u015fimi, dok\u00fcman y\u00f6netimi ve i\u015f ak\u0131\u015f sistemleri ile ilgili teknolojilerin tan\u0131t\u0131lmas\u0131, geli\u015ftirilmesi ve sat\u0131\u015f \u00e7al\u0131\u015fmalar\u0131n\u0131, temsilcisi oldu\u011fu firmalar\u0131n yeni \u00fcr\u00fcnleri ile destekleyen KETS, uzmanla\u015ft\u0131\u011f\u0131 bu alandaki son yenilikleri 1987 y\u0131l\u0131ndan beri \u00fclkemiz pazar\u0131na sunmaktad\u0131r.<\/p>\n<p>KETS, ofis i\u00e7inde yarat\u0131lan veya d\u0131\u015far\u0131dan gelen her \u00e7e\u015fit yaz\u0131l\u0131 veya bas\u0131l\u0131 dok\u00fcman\u0131n bilgisayar ortam\u0131nda belirli kriterlere g\u00f6re dizinlenerek saklanmas\u0131na, eri\u015filmesine ve fakslanmas\u0131na olanak tan\u0131yan pratik ve ekonomik \u00e7\u00f6z\u00fcmler sunmakta, ayn\u0131 zamanda g\u00f6r\u00fcnt\u00fclerin optik olarak okunmas\u0131, i\u015flenmesi, saklanmas\u0131 ve iletimi konular\u0131nda da faaliyet g\u00f6stermektedir.<\/p>\n<p>Verdi\u011fi hizmetlere \u00fcr\u00fcn odakl\u0131 yakla\u015fmay\u0131p, m\u00fc\u015fterilerinin i\u015f s\u00fcre\u00e7lerini yeniden tan\u0131mlayarak, rekabete dayal\u0131 bilgi sistemlerini destekleyecek yeni teknolojiler ile m\u00fc\u015fteri ihtiya\u00e7lar\u0131na y\u00f6nelik anahtar teslim projeler \u00fcretmekte ve faaliyet g\u00f6sterdi\u011fi alanda fark yaratmaktad\u0131r.<\/p>\n<p>KETS, bilgisayar sekt\u00f6r\u00fcnde faaliyet g\u00f6steren bir \u00e7ok \u015firkete g\u00f6re farkl\u0131 bir yakla\u015f\u0131mla tek konuda uzmanla\u015fmay\u0131 se\u00e7mi\u015f ve bu konudaki geni\u015f bilgi birikimi ile hakl\u0131 bir \u00fcst\u00fcnl\u00fck ve liderlik elde etmi\u015ftir.<\/p>\n<p><b>H\u0131zl\u0131, risksiz<\/b>\u00a0ve\u00a0<b>ba\u015far\u0131l\u0131 \u00e7\u00f6z\u00fcmler<\/b>\u00a0sa\u011flayan ofis otomasyonlar\u0131 ile KETS, i\u015f ortaklar\u0131na dok\u00fcman y\u00f6netimi, ar\u015fiv sistemleri ve i\u015f ak\u0131\u015f teknolojilerinde kaliteli \u00fcr\u00fcnler ve \u00e7\u00f6z\u00fcmler sunmaktad\u0131r.<\/td>\n<\/tr>\n<\/tbody>\n<\/table>\n<\/td>\n<\/tr>\n<\/tbody>\n<\/table>\n<p>[\/vc_column_text][\/vc_column][\/vc_row][vc_row css=&#8221;.vc_custom_1519199391485{margin-top: 20px !important;}&#8221;][vc_column width=&#8221;1\/3&#8243;]<div class=\"iconbox  iconbox-style-1\">\n\t\t\t\t\t\t<i style=\"color:; background-color:;\" class=\"fa fa-users \"><\/i>\n\t\t\t\t\t\t<div class=\"iconbox-content\">\n\t\t\t\t\t\t\t<h3 style=\"color:;\">Biz Kimiz?<\/h3>\n\t\t\t\t\t\t\t<p style=\"color:;\">T\u00fcrkiye\u2019nin 1000\u2019den fazla \u015firketinde, y\u00fczbinlerce kullan\u0131c\u0131 taraf\u0131ndan kullan\u0131lan \u00fcr\u00fcnlerimiz ile u\u00e7tan uca \u00e7\u00f6z\u00fcm sunan sistem entegrat\u00f6r\u00fc \u015firketiyiz.<\/p>\n                        \t                        \n\t\t\t\t\t\t<\/div>\n\t\t\t\t\t<\/div>[\/vc_column][vc_column width=&#8221;1\/3&#8243;]<div class=\"iconbox  iconbox-style-1\">\n\t\t\t\t\t\t<i style=\"color:; background-color:;\" class=\"fa fa-paper-plane \"><\/i>\n\t\t\t\t\t\t<div class=\"iconbox-content\">\n\t\t\t\t\t\t\t<h3 style=\"color:;\">Misyonumuz<\/h3>\n\t\t\t\t\t\t\t<p style=\"color:;\">Ofis otomasyonu konusundaki deneyimi ve uzman kadrosuyla, \u00e7evre ve toplum duyarl\u0131l\u0131\u011f\u0131 i\u00e7inde, \u00f6nce insan felsefesiyle, d\u00fcnyadaki bilgisayar ve ofis otomasyon teknolojilerindeki geli\u015fmeleri yak\u0131ndan takip ederek, son yenilikleri \u00fclkedeki di\u011fer kurumlara tan\u0131tarak ve uyarlayarak, bu kurumlara sa\u011flad\u0131\u011f\u0131 ofis teknolojileriyle global \u00f6l\u00e7ekte rekabet etmelerine ve \u00fclkenin teknolojik kalk\u0131nmas\u0131na katk\u0131da bulunmak.<\/p>\n                        \t                        \n\t\t\t\t\t\t<\/div>\n\t\t\t\t\t<\/div>[\/vc_column][vc_column width=&#8221;1\/3&#8243;]<div class=\"iconbox  iconbox-style-1\">\n\t\t\t\t\t\t<i style=\"color:; background-color:;\" class=\"fa fa-lightbulb-o \"><\/i>\n\t\t\t\t\t\t<div class=\"iconbox-content\">\n\t\t\t\t\t\t\t<h3 style=\"color:;\">Vizyonumuz<\/h3>\n\t\t\t\t\t\t\t<p style=\"color:;\">T\u00fcrkiye\u2019deki Dok\u00fcman y\u00f6netimi kavram\u0131n\u0131 de\u011fi\u015ftirmek ve KOB\u0130 pazar\u0131nda rakipsiz, yerli, milli \u00fcr\u00fcn olmak.<\/p>\n                        \t                        \n\t\t\t\t\t\t<\/div>\n\t\t\t\t\t<\/div>[\/vc_column][\/vc_row][vc_row full_width=&#8221;stretch_row_content_no_spaces&#8221; css=&#8221;.vc_custom_1507744613646{margin-top: 20px !important;}&#8221;][vc_column]<div class=\"cta cta-style-2\" style=\"background-color:; background-image: url(https:\/\/www.kets.com\/tr\/wp-content\/uploads\/2017\/12\/cta_bg.jpg);\">\n\t\t\t\t\t<div class=\"container\">\n\t\t\t\t\t\t<div class=\"row\">\n\t\t\t\t\t\t\t<div class=\"col-md-12\">\n\t\t\t\t\t\t\t\t<div class=\"cta-wrapper\">\n\t\t\t\t\t\t\t\t\t<div class=\"cta-content\">\n\t\t\t\t\t\t\t\t\t\t<h1 style=\"color:#ffffff;\">\u0130\u015finiz i\u00e7in bir dan\u0131\u015fmana m\u0131 ihtiyac\u0131n\u0131z var?<\/h1>\n\t\t\t\t\t\t\t\t\t\t<p style=\"color:#ffffff;\">Bizimle ileti\u015fime ge\u00e7erek, projeniz \u00fczerinde detayl\u0131 g\u00f6r\u00fc\u015febilir ve size en do\u011fru \u00e7\u00f6z\u00fcm\u00fc sunabiliriz.<\/p>\n\t\t\t\t\t\t\t\t\t<\/div>\n\t\t\t\t\t\t\t\t\t<div class=\"cta-buttons\">\n\t\t\t\t\t\t\t\t\t    <a href=\"https:\/\/www.kets.com\/tr\/iletisim\" class=\"btn\" target=\"_self\" style=\"background-color:; color:; border-radius:50px;\">\u015eimdi \u0130leti\u015fime Ge\u00e7<\/a>\n\t\t\t\t\t\t\t\t\t<\/div>\n\t\t\t\t\t\t\t\t<\/div>\n\t\t\t\t\t\t\t<\/div>\n\t\t\t\t\t\t<\/div>\n\t\t\t\t\t<\/div>\n        \t\t<\/div>[\/vc_column][\/vc_row]<\/p>\n","protected":false},"excerpt":{"rendered":"<p>[vc_row full_width=&#8221;stretch_row&#8221; css=&#8221;.vc_custom_1519199415073{margin-top: 60px !important;padding-top: 10px !important;padding-bottom: 0px !important;background-color: #f9f9f9 !important;}&#8221;][vc_column][vc_column_text] Ofis otomasyonu ve ileti\u015fimi, dok\u00fcman y\u00f6netimi ve i\u015f ak\u0131\u015f sistemleri ile ilgili teknolojilerin tan\u0131t\u0131lmas\u0131, geli\u015ftirilmesi ve sat\u0131\u015f \u00e7al\u0131\u015fmalar\u0131n\u0131, temsilcisi oldu\u011fu firmalar\u0131n yeni \u00fcr\u00fcnleri ile destekleyen KETS, uzmanla\u015ft\u0131\u011f\u0131 bu alandaki son yenilikleri 1987 y\u0131l\u0131ndan beri \u00fclkemiz pazar\u0131na sunmaktad\u0131r. KETS, ofis [&hellip;]<\/p>\n","protected":false},"author":1,"featured_media":0,"parent":0,"menu_order":0,"comment_status":"closed","ping_status":"closed","template":"","meta":{"footnotes":""},"aioseo_notices":[],"_links":{"self":[{"href":"https:\/\/www.kets.com\/tr\/wp-json\/wp\/v2\/pages\/477"}],"collection":[{"href":"https:\/\/www.kets.com\/tr\/wp-json\/wp\/v2\/pages"}],"about":[{"href":"https:\/\/www.kets.com\/tr\/wp-json\/wp\/v2\/types\/page"}],"author":[{"embeddable":true,"href":"https:\/\/www.kets.com\/tr\/wp-json\/wp\/v2\/users\/1"}],"replies":[{"embeddable":true,"href":"https:\/\/www.kets.com\/tr\/wp-json\/wp\/v2\/comments?post=477"}],"version-history":[{"count":33,"href":"https:\/\/www.kets.com\/tr\/wp-json\/wp\/v2\/pages\/477\/revisions"}],"predecessor-version":[{"id":3507,"href":"https:\/\/www.kets.com\/tr\/wp-json\/wp\/v2\/pages\/477\/revisions\/3507"}],"wp:attachment":[{"href":"https:\/\/www.kets.com\/tr\/wp-json\/wp\/v2\/media?parent=477"}],"curies":[{"name":"wp","href":"https:\/\/api.w.org\/{rel}","templated":true}]}}