{"id":480,"date":"2017-06-27T10:38:47","date_gmt":"2017-06-27T10:38:47","guid":{"rendered":"http:\/\/www.financing.dev\/our-history\/"},"modified":"2019-12-17T09:35:42","modified_gmt":"2019-12-17T06:35:42","slug":"tarihcemiz","status":"publish","type":"page","link":"https:\/\/www.kets.com\/tr\/tarihcemiz\/","title":{"rendered":"Tarih\u00e7emiz"},"content":{"rendered":"<p>[vc_row css=&#8221;.vc_custom_1521185103592{margin-top: 15px !important;}&#8221;][vc_column][vc_single_image image=&#8221;2921&#8243; img_size=&#8221;full&#8221; style=&#8221;vc_box_border&#8221;][vc_column_text]Kurucusu oldu\u011fu firmalar arac\u0131l\u0131\u011f\u0131yla KETS, a\u011f\u0131rl\u0131kl\u0131 olarak finans kurumlar\u0131, holdingler, b\u00fcy\u00fck \u00fcretici kurulu\u015flar, telekom ve yeni teknoloji \u015firketleri, otomotiv, petrokimya kurulu\u015flar\u0131, devlet kurumlar\u0131 ve se\u00e7ilmi\u015f baz\u0131 KOB\u0130\u2019ler olmak \u00fczere T\u00fcrkiye\u2019nin ilk 1000 firmas\u0131na sunulan verimlilik art\u0131\u015f\u0131 sa\u011flayan otomasyon \u00e7\u00f6z\u00fcmleri ile onlar\u0131 yar\u0131nlara ta\u015f\u0131yacak hizmetlerini g\u00fcn ge\u00e7tik\u00e7e artan kalite ve i\u00e7erikle ba\u015far\u0131yla s\u00fcrd\u00fcrmektedir.[\/vc_column_text][\/vc_column][\/vc_row][vc_row][vc_column width=&#8221;1\/3&#8243;][vc_single_image image=&#8221;2584&#8243; img_size=&#8221;full&#8221; alignment=&#8221;right&#8221; style=&#8221;vc_box_border&#8221;][\/vc_column][vc_column width=&#8221;2\/3&#8243;]<div style=\"margin:;\" class=\"special-heading\">\n\t\t\t\t\t<h1 style=\"font-size:18px; font-weight:; line-height:; text-align:left; text-transform:none; color:;\">1987 - KETS Kuruldu.<\/h1>\n\t\t\t\t\t<div style=\"background-color:; text-align:left;\" class=\"heading-seperator left-sep\"><\/div>\n\t\t\t\t\t<p style=\"font-size:; text-align:left; color:;\"><\/p>\n\t\t\t\t<\/div>[vc_column_text]D\u00fcnyada, bilgisayar sekt\u00f6r\u00fcndeki geli\u015fmeleri yak\u0131ndan takip ederek \u00fclkemize yeni \u00fcr\u00fcn ve teknolojilerin tan\u0131t\u0131lmas\u0131, geli\u015ftirilmesi, sat\u0131\u015f\u0131 ve teknik deste\u011fi alanlar\u0131nda hizmet vermek amac\u0131yla 1987 y\u0131l\u0131nda kurulan KETS Kom\u00fcnikasyon Elektronik Otomasyon Sistemleri Sanayi ve Ticaret Ltd. \u015eti., \u00e7al\u0131\u015fmalar\u0131n\u0131 ofis otomasyonu ve dok\u00fcman y\u00f6netimi alan\u0131nda yo\u011funla\u015ft\u0131rm\u0131\u015ft\u0131r.[\/vc_column_text][\/vc_column][\/vc_row][vc_row][vc_column width=&#8221;1\/3&#8243;][vc_single_image image=&#8221;49&#8243; img_size=&#8221;full&#8221; alignment=&#8221;right&#8221; style=&#8221;vc_box_border&#8221;][\/vc_column][vc_column width=&#8221;2\/3&#8243;]<div style=\"margin:;\" class=\"special-heading\">\n\t\t\t\t\t<h1 style=\"font-size:18px; font-weight:; line-height:; text-align:left; text-transform:none; color:;\">1989 - Yap\u0131 Kredi Faks Projesi Ger\u00e7ekle\u015fti.<\/h1>\n\t\t\t\t\t<div style=\"background-color:; text-align:left;\" class=\"heading-seperator left-sep\"><\/div>\n\t\t\t\t\t<p style=\"font-size:; text-align:left; color:;\"><\/p>\n\t\t\t\t<\/div>[vc_column_text]KETS, ilk kuruldu\u011fu y\u0131llarda faks otomasyonu \u00e7al\u0131\u015fmalar\u0131na yo\u011funla\u015ft\u0131. Zamanla dok\u00fcman y\u00f6netimi ad\u0131 alt\u0131nda toplanan faaliyet alanlar\u0131 \u00fczerinde yo\u011funla\u015f\u0131l\u0131nca, faks y\u00f6netim sistemleri \u00e7\u00f6z\u00fcmlerden yaln\u0131zca birisi haline geldi. D\u00fcnyada bilgisayar \u00fczerinde ilk faks kart\u0131 \u00e7\u0131kt\u0131ktan birka\u00e7 ay sonra T\u00fcrkiye\u2019ye getiren KETS, tek ba\u015f\u0131na \u00e7al\u0131\u015fan PC\u2019li faks sisteminin hemen ard\u0131ndan network kart \u00e7\u00f6z\u00fcm\u00fcn\u00fc geli\u015ftirdi. Network faks \u00e7\u00f6z\u00fcmleri \u00fczerine geli\u015ftirdi\u011fi uygulamalarla sekt\u00f6rde \u00f6nemli bir yer edindi. M\u00fc\u015fterilerinin ihtiya\u00e7lar\u0131na y\u00f6nelik \u00e7\u00f6z\u00fcmler geli\u015ftirme stratejisi, KETS\u2019in yenilikleri \u00e7ok yak\u0131ndan takip etmesini sa\u011flad\u0131. Elektronik dok\u00fcman olan fakslar\u0131n ar\u015fivlenmesi talebi de KETS\u2019in bu s\u00fcre\u00e7 i\u00e7erisinde dok\u00fcman y\u00f6netimi alan\u0131na girmesine yol a\u00e7t\u0131. 1989 y\u0131l\u0131nda Yap\u0131 Kredi Bankas\u0131 i\u00e7in geli\u015ftirdi\u011fi dok\u00fcman ar\u015fiv sistemi uygulamas\u0131 ile b\u00fcy\u00fck bir projeye imza att\u0131.[\/vc_column_text][\/vc_column][\/vc_row][vc_row][vc_column width=&#8221;1\/3&#8243;][vc_single_image image=&#8221;37&#8243; img_size=&#8221;full&#8221; alignment=&#8221;right&#8221; style=&#8221;vc_box_border&#8221;][\/vc_column][vc_column width=&#8221;2\/3&#8243;]<div style=\"margin:;\" class=\"special-heading\">\n\t\t\t\t\t<h1 style=\"font-size:18px; font-weight:; line-height:; text-align:left; text-transform:none; color:;\">1991 - En son teknolojiler ile \u00e7al\u0131\u015fmaya ba\u015flan\u0131ld\u0131.<\/h1>\n\t\t\t\t\t<div style=\"background-color:; text-align:left;\" class=\"heading-seperator left-sep\"><\/div>\n\t\t\t\t\t<p style=\"font-size:; text-align:left; color:;\"><\/p>\n\t\t\t\t<\/div>[vc_column_text]Doksanl\u0131 y\u0131llara gelindi\u011finde, yap\u0131lmas\u0131 gereken \u015feyin teknolojiyi \u00fcretmek yerine var olan teknolojik bir altyap\u0131 \u00fczerinde gereksinimler do\u011frultusunda \u00e7\u00f6z\u00fcmler \u00fcretmek \u00fczere yoluna devam eden KETS, 1990-1991 y\u0131llar\u0131nda verdi\u011fi kararla, geri planda \u00e7al\u0131\u015fan teknolojileri, d\u00fcnyada kabul g\u00f6rm\u00fc\u015f en son teknolojilerden se\u00e7mek, bunlar\u0131n sistem entegrasyonunu yapmak ve bunlar \u00fczerinde kolay kullan\u0131labilir \u00e7\u00f6z\u00fcmler geli\u015ftirmek \u00fczere uzmanla\u015ft\u0131\u011f\u0131 bu alanda do\u011fru stratejilerle ilerledi. O tarihten sonra kurumlar\u0131n ihtiya\u00e7lar\u0131na ba\u011fl\u0131 olarak sekt\u00f6rel bazl\u0131 \u00e7\u00f6z\u00fcmler geli\u015ftirildi, her sekt\u00f6r i\u00e7in bu teknolojilerin nas\u0131l uygulanabilece\u011finin iyi birer \u00f6rne\u011fi olan \u00f6zel \u00e7\u00f6z\u00fcm paketleri olu\u015fturuldu.[\/vc_column_text][\/vc_column][\/vc_row][vc_row][vc_column width=&#8221;1\/3&#8243;][vc_single_image image=&#8221;2778&#8243; img_size=&#8221;full&#8221; alignment=&#8221;right&#8221; style=&#8221;vc_box_border&#8221;][\/vc_column][vc_column width=&#8221;2\/3&#8243;]<div style=\"margin:;\" class=\"special-heading\">\n\t\t\t\t\t<h1 style=\"font-size:18px; font-weight:; line-height:; text-align:left; text-transform:none; color:;\">1998 - Invecta kuruldu.<\/h1>\n\t\t\t\t\t<div style=\"background-color:; text-align:left;\" class=\"heading-seperator left-sep\"><\/div>\n\t\t\t\t\t<p style=\"font-size:; text-align:left; color:;\"><\/p>\n\t\t\t\t<\/div>[vc_column_text]Bu\u00a0 ilerlemelerin getirdi\u011fi sinerji ile s\u0131ras\u0131yla, 1998 y\u0131l\u0131nda Amerika\u2019n\u0131n Kaliforniya eyaletinde<b>\u00a0KETS<i>\u00a0<\/i><\/b>\u00fcr\u00fcnlerinin ve \u00e7\u00f6z\u00fcmlerinin global pazarlama ve sat\u0131\u015f aktivitelerini ger\u00e7ekle\u015ftirebilmek amac\u0131 ile\u00a0<b>INVECTA Inc.<\/b>\u2019\u0131 kurdu.[\/vc_column_text][\/vc_column][\/vc_row][vc_row][vc_column width=&#8221;1\/3&#8243;][vc_single_image image=&#8221;2781&#8243; img_size=&#8221;full&#8221; alignment=&#8221;right&#8221; style=&#8221;vc_box_border&#8221;][\/vc_column][vc_column width=&#8221;2\/3&#8243;]<div style=\"margin:;\" class=\"special-heading\">\n\t\t\t\t\t<h1 style=\"font-size:18px; font-weight:; line-height:; text-align:left; text-transform:none; color:;\">1999 - IBM ile stratejik i\u015f anla\u015fmas\u0131 yap\u0131ld\u0131.<\/h1>\n\t\t\t\t\t<div style=\"background-color:; text-align:left;\" class=\"heading-seperator left-sep\"><\/div>\n\t\t\t\t\t<p style=\"font-size:; text-align:left; color:;\"><\/p>\n\t\t\t\t<\/div>[vc_column_text]1999 y\u0131l\u0131nda IBM ile i\u00e7erik y\u00f6netimi alan\u0131nda i\u015f ortakl\u0131\u011f\u0131 yapmaya ba\u015flayan KETS, iki y\u0131l i\u00e7inde hedefledi\u011finden daha ileri bir noktaya geldi.[\/vc_column_text][\/vc_column][\/vc_row][vc_row][vc_column width=&#8221;1\/3&#8243;][vc_single_image image=&#8221;3352&#8243; img_size=&#8221;full&#8221; alignment=&#8221;right&#8221; style=&#8221;vc_box_border&#8221;][\/vc_column][vc_column width=&#8221;2\/3&#8243;]<div style=\"margin:;\" class=\"special-heading\">\n\t\t\t\t\t<h1 style=\"font-size:18px; font-weight:; line-height:; text-align:left; text-transform:none; color:;\">2008 - OpenText, Captaris firmas\u0131n\u0131 alarak RightFax \u00fcr\u00fcn\u00fcn\u00fc b\u00fcnyesine katt\u0131.<\/h1>\n\t\t\t\t\t<div style=\"background-color:; text-align:left;\" class=\"heading-seperator left-sep\"><\/div>\n\t\t\t\t\t<p style=\"font-size:; text-align:left; color:;\"><\/p>\n\t\t\t\t<\/div>[vc_column_text]2008 Kas\u0131m ay\u0131nda bir \u00e7ok \u00fcr\u00fcn\u00fcn b\u00fcnyesinden bulunduran OpenText firmas\u0131 Captaris&#8217;i sat\u0131n alarak RightFax \u00fcr\u00fcn\u00fcn\u00fcn b\u00fcnyesine katt\u0131.[\/vc_column_text][\/vc_column][\/vc_row][vc_row][vc_column width=&#8221;1\/3&#8243;][vc_single_image image=&#8221;3015&#8243; img_size=&#8221;full&#8221; alignment=&#8221;right&#8221; style=&#8221;vc_box_border&#8221;][\/vc_column][vc_column width=&#8221;2\/3&#8243;]<div style=\"margin:;\" class=\"special-heading\">\n\t\t\t\t\t<h1 style=\"font-size:18px; font-weight:; line-height:; text-align:left; text-transform:none; color:;\">2009 - DocPlace Uygulamas\u0131 Geli\u015ftirildi.<\/h1>\n\t\t\t\t\t<div style=\"background-color:; text-align:left;\" class=\"heading-seperator left-sep\"><\/div>\n\t\t\t\t\t<p style=\"font-size:; text-align:left; color:;\"><\/p>\n\t\t\t\t<\/div>[vc_column_text]20 Y\u0131ld\u0131r Dok\u00fcman Y\u00f6netimi tecr\u00fcbesine sahip olan KETS, IBM ile olan anla\u015fmas\u0131n\u0131 sonland\u0131r\u0131p kendi \u00fcr\u00fcn\u00fcn\u00fc geli\u015ftirmeye ba\u015flad\u0131. 2010 y\u0131l\u0131 itibari ile ilk projesini TEKNOSA ile ger\u00e7ekle\u015ftirdi.[\/vc_column_text][\/vc_column][\/vc_row][vc_row][vc_column width=&#8221;1\/3&#8243;][vc_single_image image=&#8221;2974&#8243; img_size=&#8221;full&#8221; alignment=&#8221;right&#8221; style=&#8221;vc_box_border&#8221;][\/vc_column][vc_column width=&#8221;2\/3&#8243;]<div style=\"margin:;\" class=\"special-heading\">\n\t\t\t\t\t<h1 style=\"font-size:18px; font-weight:; line-height:; text-align:left; text-transform:none; color:;\">2012 - LOGO yaz\u0131l\u0131m ile i\u015f anla\u015fmas\u0131 imzaland\u0131.<\/h1>\n\t\t\t\t\t<div style=\"background-color:; text-align:left;\" class=\"heading-seperator left-sep\"><\/div>\n\t\t\t\t\t<p style=\"font-size:; text-align:left; color:;\"><\/p>\n\t\t\t\t<\/div>[vc_column_text]LOGO yaz\u0131l\u0131m dikey \u00e7\u00f6z\u00fcmler olu\u015fumuna gitmesi ile beraber alan\u0131nda uzman firmalar\u0131 kendi ERP uygulamar\u0131 ile b\u00fct\u00fcnle\u015fik hale getirdi. Dok\u00fcman y\u00f6netimi taraf\u0131nda KETS ile anla\u015fan LOGO yaz\u0131l\u0131m \u015fu an Go 3 , Tiger 3 , Tiger Enterprise 3 ve Bordro Plus \u00fcr\u00fcnleri ile DocPlace b\u00fct\u00fcnle\u015fik olarak \u00e7al\u0131\u015fmaktad\u0131r.[\/vc_column_text][\/vc_column][\/vc_row][vc_row][vc_column width=&#8221;1\/3&#8243;][vc_single_image image=&#8221;47&#8243; img_size=&#8221;full&#8221; alignment=&#8221;right&#8221; style=&#8221;vc_box_border&#8221;][\/vc_column][vc_column width=&#8221;2\/3&#8243;]<div style=\"margin:;\" class=\"special-heading\">\n\t\t\t\t\t<h1 style=\"font-size:18px; font-weight:; line-height:; text-align:left; text-transform:none; color:;\">2014 - Personel \u00f6zl\u00fck dosyalar\u0131 dijital ar\u015fiv projelerine ba\u015flan\u0131ld\u0131.<\/h1>\n\t\t\t\t\t<div style=\"background-color:; text-align:left;\" class=\"heading-seperator left-sep\"><\/div>\n\t\t\t\t\t<p style=\"font-size:; text-align:left; color:;\"><\/p>\n\t\t\t\t<\/div>[vc_column_text]Daha \u00f6nce TeknoSA ile ba\u015flanan Personel \u00f6zl\u00fck dosyalar\u0131 dijital ar\u015fiv projelerine CarrefourSA , ISS, \u00d6ren Bayan firmalar\u0131 ile devam edildi. Toplamda 100.000 &#8216;in \u00fczerinde \u00f6zl\u00fck dosyas\u0131 tarayarak 5 milyonun \u00fczerinde dok\u00fcman\u0131 DocPlace \u00fczerine ar\u015fivliyoruz.[\/vc_column_text][\/vc_column][\/vc_row][vc_row][vc_column width=&#8221;1\/3&#8243;][vc_single_image image=&#8221;51&#8243; img_size=&#8221;full&#8221; alignment=&#8221;right&#8221; style=&#8221;vc_box_border&#8221;][\/vc_column][vc_column width=&#8221;2\/3&#8243;]<div style=\"margin:;\" class=\"special-heading\">\n\t\t\t\t\t<h1 style=\"font-size:18px; font-weight:; line-height:; text-align:left; text-transform:none; color:;\">2015 - DocPlace \u00fcr\u00fcn\u00fcne yeni mod\u00fcller eklendi.<\/h1>\n\t\t\t\t\t<div style=\"background-color:; text-align:left;\" class=\"heading-seperator left-sep\"><\/div>\n\t\t\t\t\t<p style=\"font-size:; text-align:left; color:;\"><\/p>\n\t\t\t\t<\/div>[vc_column_text]DocPlace Dok\u00fcman y\u00f6netimine m\u00fc\u015fterilerden gelen talepler do\u011frultusunda;<\/p>\n<p>E-Fatura Ar\u015fiv ve Onay Uygulmas\u0131,<\/p>\n<p>Toplu Fatura Tarama Mod\u00fcl\u00fc,<\/p>\n<p>Toplu Barkodlu Dok\u00fcman Tarama Mod\u00fcl\u00fc,<\/p>\n<p>HR Tarama mod\u00fcl\u00fc geli\u015ftirildi.[\/vc_column_text][\/vc_column][\/vc_row][vc_row][vc_column width=&#8221;1\/3&#8243;][vc_single_image image=&#8221;2909&#8243; img_size=&#8221;full&#8221; alignment=&#8221;right&#8221; style=&#8221;vc_box_border&#8221;][\/vc_column][vc_column width=&#8221;2\/3&#8243;]<div style=\"margin:;\" class=\"special-heading\">\n\t\t\t\t\t<h1 style=\"font-size:18px; font-weight:; line-height:; text-align:left; text-transform:none; color:;\">2017 - KETS 30 Y\u0131l\u0131n\u0131 Kutlad\u0131.<\/h1>\n\t\t\t\t\t<div style=\"background-color:; text-align:left;\" class=\"heading-seperator left-sep\"><\/div>\n\t\t\t\t\t<p style=\"font-size:; text-align:left; color:;\"><\/p>\n\t\t\t\t<\/div>[vc_column_text]KETS 30. y\u0131l\u0131n\u0131 kutlayarak, yeni projelere imza atmak i\u00e7in azimle \u00e7al\u0131\u015f\u0131yor.[\/vc_column_text][\/vc_column][\/vc_row][vc_row][vc_column width=&#8221;1\/3&#8243;][vc_single_image image=&#8221;3573&#8243; img_size=&#8221;full&#8221; alignment=&#8221;right&#8221; style=&#8221;vc_box_border&#8221;][\/vc_column][vc_column width=&#8221;2\/3&#8243;]<div style=\"margin:;\" class=\"special-heading\">\n\t\t\t\t\t<h1 style=\"font-size:18px; font-weight:; line-height:; text-align:left; text-transform:none; color:;\">2019 - DocPlace Logo Netsis \u00dcr\u00fcn Ailesi Entegrasyonu Yap\u0131ld\u0131.<\/h1>\n\t\t\t\t\t<div style=\"background-color:; text-align:left;\" class=\"heading-seperator left-sep\"><\/div>\n\t\t\t\t\t<p style=\"font-size:; text-align:left; color:;\"><\/p>\n\t\t\t\t<\/div>[vc_column_text]Ge\u00e7ti\u011fimiz y\u0131llarda Logo b\u00fcnyesine kat\u0131lan NETS\u0130S firmas\u0131n\u0131n t\u00fcm \u00fcr\u00fcn ailesi ile DocPlace entegrasyonu yap\u0131ld\u0131. Kullan\u0131c\u0131lar NETS\u0130S ERP i\u00e7erisinde uzant\u0131 ba\u011f\u0131ms\u0131z \u015fekilde dok\u00fcman ekleyebilecek, do\u011frudan tarama yapabilecek ve outlook entegrasyonu sayesinde dok\u00fcmanlar\u0131 kolayca payla\u015fabilecekler.[\/vc_column_text][\/vc_column][\/vc_row]<\/p>\n","protected":false},"excerpt":{"rendered":"<p>[vc_row css=&#8221;.vc_custom_1521185103592{margin-top: 15px !important;}&#8221;][vc_column][vc_single_image image=&#8221;2921&#8243; img_size=&#8221;full&#8221; style=&#8221;vc_box_border&#8221;][vc_column_text]Kurucusu oldu\u011fu firmalar arac\u0131l\u0131\u011f\u0131yla KETS, a\u011f\u0131rl\u0131kl\u0131 olarak finans kurumlar\u0131, holdingler, b\u00fcy\u00fck \u00fcretici kurulu\u015flar, telekom ve yeni teknoloji \u015firketleri, otomotiv, petrokimya kurulu\u015flar\u0131, devlet kurumlar\u0131 ve se\u00e7ilmi\u015f baz\u0131 KOB\u0130\u2019ler olmak \u00fczere T\u00fcrkiye\u2019nin ilk 1000 firmas\u0131na sunulan verimlilik art\u0131\u015f\u0131 sa\u011flayan otomasyon \u00e7\u00f6z\u00fcmleri ile onlar\u0131 yar\u0131nlara ta\u015f\u0131yacak hizmetlerini [&hellip;]<\/p>\n","protected":false},"author":1,"featured_media":0,"parent":0,"menu_order":0,"comment_status":"closed","ping_status":"closed","template":"","meta":{"footnotes":""},"aioseo_notices":[],"_links":{"self":[{"href":"https:\/\/www.kets.com\/tr\/wp-json\/wp\/v2\/pages\/480"}],"collection":[{"href":"https:\/\/www.kets.com\/tr\/wp-json\/wp\/v2\/pages"}],"about":[{"href":"https:\/\/www.kets.com\/tr\/wp-json\/wp\/v2\/types\/page"}],"author":[{"embeddable":true,"href":"https:\/\/www.kets.com\/tr\/wp-json\/wp\/v2\/users\/1"}],"replies":[{"embeddable":true,"href":"https:\/\/www.kets.com\/tr\/wp-json\/wp\/v2\/comments?post=480"}],"version-history":[{"count":30,"href":"https:\/\/www.kets.com\/tr\/wp-json\/wp\/v2\/pages\/480\/revisions"}],"predecessor-version":[{"id":3574,"href":"https:\/\/www.kets.com\/tr\/wp-json\/wp\/v2\/pages\/480\/revisions\/3574"}],"wp:attachment":[{"href":"https:\/\/www.kets.com\/tr\/wp-json\/wp\/v2\/media?parent=480"}],"curies":[{"name":"wp","href":"https:\/\/api.w.org\/{rel}","templated":true}]}}