{"id":486,"date":"2017-06-27T10:51:46","date_gmt":"2017-06-27T10:51:46","guid":{"rendered":"http:\/\/www.financing.dev\/demo-v4\/"},"modified":"2025-08-06T19:40:14","modified_gmt":"2025-08-06T16:40:14","slug":"homepage-v4","status":"publish","type":"page","link":"https:\/\/www.kets.com\/tr\/","title":{"rendered":"Anasayfa"},"content":{"rendered":"<p>[vc_row full_width=&#8221;stretch_row_content_no_spaces&#8221; css_animation=&#8221;fadeInDown&#8221; css=&#8221;.vc_custom_1520334373381{margin-top: 0px !important;}&#8221;][vc_column]<div class=\"cta cta-style-1\" style=\"background-color:;  \">\n\t\t\t\t\t<div class=\"container\">\n\t\t\t\t\t\t<div class=\"row\">\n\t\t\t\t\t\t\t<div class=\"col-md-12\">\n\t\t\t\t\t\t\t\t<div class=\"cta-wrapper\">\n\t\t\t\t\t\t\t\t\t<div class=\"cta-content\">\n\t\t\t\t\t\t\t\t\t\t<h1 style=\"color:;\">\u00c7\u00f6z\u00fcmlerimiz hakk\u0131nda daha fazla bilgi almak ister misiniz?<\/h1>\n\t\t\t\t\t\t\t\t\t\t<p style=\"color:;\"><\/p>\n\t\t\t\t\t\t\t\t\t<\/div>\n\t\t\t\t\t\t\t\t\t<div class=\"cta-buttons\">\n\t\t\t\t\t\t\t\t\t    <a href=\"https:\/\/www.kets.com\/tr\/iletisim\" class=\"btn\" target=\"_self\" style=\"background-color:; color:; border-radius:;\">Demo Talep Et<\/a>\n\t\t\t\t\t\t\t\t\t<\/div>\n\t\t\t\t\t\t\t\t<\/div>\n\t\t\t\t\t\t\t<\/div>\n\t\t\t\t\t\t<\/div>\n\t\t\t\t\t<\/div>\n        \t\t<\/div>[\/vc_column][\/vc_row][vc_row full_width=&#8221;stretch_row&#8221; css_animation=&#8221;fadeInDown&#8221; css=&#8221;.vc_custom_1520334341804{margin-top: 0px !important;background-image: url(https:\/\/www.kets.com\/tr\/wp-content\/uploads\/2018\/02\/about-us-bg-banner-2.png?id=2881) !important;background-position: center !important;background-repeat: no-repeat !important;background-size: cover !important;}&#8221;][vc_column]<div style=\"margin:0px 0px 10px 0px;\" class=\"special-heading\">\n\t\t\t\t\t<h1 style=\"font-size:; font-weight:; line-height:; text-align:center; text-transform:none; color:;\">Neden KETS?<\/h1>\n\t\t\t\t\t<div style=\"background-color:; text-align:center;\" class=\"heading-seperator center-sep\"><\/div>\n\t\t\t\t\t<p style=\"font-size:; text-align:center; color:;\"><\/p>\n\t\t\t\t<\/div>[\/vc_column][vc_column width=&#8221;1\/3&#8243;]<div class=\"iconbox  iconbox-style-2\">\n\t\t\t\t\t\t<i style=\"color:; background-color:;\" class=\"fa fa-diamond  \"><\/i>\n\t\t\t\t\t\t\t<div class=\"iconbox-content\">\n\t\t\t\t\t\t\t\t<h3 style=\"color:;\">Daha iyisi i\u00e7in \u00e7al\u0131\u015f\u0131yoruz.<\/h3>\n\t\t\t\t\t\t\t\t<p style=\"color:;\">Daha kaliteli \u00fcr\u00fcnler i\u00e7in \u00e7ok \u00e7al\u0131\u015f\u0131yoruz, mutlu m\u00fc\u015fteriler edinmek ilk hedefimiz; firma olarak \u00e7<em>\u00f6z\u00fcm odakl\u0131y\u0131z.<\/em><\/p>\n                        \t\t                        \n\t\t\t\t\t\t\t<\/div>\n\t\t\t\t\t<\/div>[\/vc_column][vc_column css_animation=&#8221;none&#8221; width=&#8221;1\/3&#8243;]<div class=\"iconbox  iconbox-style-2\">\n\t\t\t\t\t\t<i style=\"color:; background-color:;\" class=\"fa fa-recycle  \"><\/i>\n\t\t\t\t\t\t\t<div class=\"iconbox-content\">\n\t\t\t\t\t\t\t\t<h3 style=\"color:;\">Her yerden eri\u015filebiliriz.<\/h3>\n\t\t\t\t\t\t\t\t<p style=\"color:;\">KETS&#8217;in uzman kadrosu t\u00fcm sorularan\u0131za h\u0131zl\u0131ca cevap verir.<\/p>\n                        \t\t                        \n\t\t\t\t\t\t\t<\/div>\n\t\t\t\t\t<\/div>[\/vc_column][vc_column css_animation=&#8221;none&#8221; width=&#8221;1\/3&#8243;]<div class=\"iconbox  iconbox-style-2\">\n\t\t\t\t\t\t<i style=\"color:; background-color:;\" class=\"fa fa-cog \"><\/i>\n\t\t\t\t\t\t\t<div class=\"iconbox-content\">\n\t\t\t\t\t\t\t\t<h3 style=\"color:;\">Teknolojiyi takip ediyoruz.<\/h3>\n\t\t\t\t\t\t\t\t<p style=\"color:;\">Son teknoloji trendlerini takip ediyor ve \u00e7\u00f6z\u00fcmlerimize uyguluyoruz.<\/p>\n                        \t\t                        \n\t\t\t\t\t\t\t<\/div>\n\t\t\t\t\t<\/div>[\/vc_column][\/vc_row][vc_row content_placement=&#8221;top&#8221;][vc_column]<div style=\"margin:10px 0px 30px 0px;\" class=\"special-heading\">\n\t\t\t\t\t<h1 style=\"font-size:; font-weight:500; line-height:; text-align:center; text-transform:none; color:;\">\u00c7\u00f6z\u00fcmlerimiz<\/h1>\n\t\t\t\t\t<div style=\"background-color:; text-align:center;\" class=\"heading-seperator center-sep\"><\/div>\n\t\t\t\t\t<p style=\"font-size:; text-align:center; color:;\"><\/p>\n\t\t\t\t<\/div>\n\t\t<div class=\"portfolio-container\">\n\t\t \n\t\t \t<!-- Portfolio Filter -->\n\t\t\t\n\t\t\t\t<div class=\"portfolio-filters\" data-id=\"1136869209\">\n\t\t\t\t\t\t\t\t\t\t\t<span><a href=\"#\" data-filter=\"*\" class=\"filter-all active\">All<\/a><\/span>\t\n\t\t\t\t\t\t\t\t\t\t\t\t\t\t\t\t\t\t\t\t<span><a href=\"#\" data-filter=\".term-dokuman-yonetimi-ve-arsivleme\">Dok\u00fcman Y\u00f6netimi ve Ar\u015fivleme<\/a><\/span>\n\t\t\t\t\t\t\t\t\t\t\t\t\t\t\t\t\t\t\t\t<span><a href=\"#\" data-filter=\".term-icr-ocr-ve-yapay-zeka\">ICR \/ OCR ve Yapay Zeka<\/a><\/span>\n\t\t\t\t\t\t\t\t\t\t\t\t\t\t\t\t\t\t\t\t<span><a href=\"#\" data-filter=\".term-kurumsal-faks\">Kurumsal Faks<\/a><\/span>\n\t\t\t\t\t\t\t\t\t\t\t\t\t\t\t<\/div>\n\t\t\t\n\t\t\t<!-- Portfolio -->\n\t\t\t<div id=\"1136869209\" class=\"portfolio-items\" data-id=\"1136869209\">  \n\t\t\t\t\n\t\t\t\t\t<!-- Columns -->\n\t\t\t\t\t\n\t\t\t\t\t<!-- Style 1 -->\n\t\t\t\t\t\t\t\t\t\t\t\t\t\t\t\t\t\t\t\t\t\t\t   \n\t\t\t\t\t\t<div class=\"term-icr-ocr-ve-yapay-zeka  portfolio-item portfolio-style-2 col-lg-4 col-md-4 col-sm-6 col-xs-12\">\n\t\t\t\t\t\t\t<a href=\"https:\/\/www.kets.com\/tr\/portfolio\/abbyy-recognition-server\/\" title=\"Abbyy Recognition Server\"><img decoding=\"async\" src=\"https:\/\/www.kets.com\/tr\/wp-content\/uploads\/2018\/04\/illustration-diagram-abbyy-recognition-server-document-capture-1232x485.png\" alt=\"Abbyy Recognition Server\" \/><\/a>\n\t\t\t\t\t\t\t<div class=\"portfolio-style-2-content\">\n\t\t\t\t\t\t\t\t<ul class=\"portfolio-style-2-cat\">\n\t\t\t\t\t\t\t\t\t<li>ICR \/ OCR ve Yapay Zeka<\/li>\n\t\t\t\t\t\t\t\t<\/ul>\n\t\t\t\t\t\t\t\t<h3><a href=\"https:\/\/www.kets.com\/tr\/portfolio\/abbyy-recognition-server\/\" title=\"Abbyy Recognition Server\">Abbyy Recognition Server<\/a><\/h3>\n\t\t\t\t\t\t\t<\/div>\n\t\t\t\t\t\t<\/div>\n\t\t\t\t\t\n\t\t\t\t\n\t\t\t\t\t<!-- Columns -->\n\t\t\t\t\t\n\t\t\t\t\t<!-- Style 1 -->\n\t\t\t\t\t\t\t\t\t\t\t\t\t\t\t\t\t\t\t\t\t\t\t   \n\t\t\t\t\t\t<div class=\"term-icr-ocr-ve-yapay-zeka  portfolio-item portfolio-style-2 col-lg-4 col-md-4 col-sm-6 col-xs-12\">\n\t\t\t\t\t\t\t<a href=\"https:\/\/www.kets.com\/tr\/portfolio\/abbyy-flexicapture\/\" title=\"ABBYY FlexiCapture\"><img decoding=\"async\" src=\"https:\/\/www.kets.com\/tr\/wp-content\/uploads\/2018\/03\/ABBYY-FlexiCapture-OCR-ICR-OMR-BCR-forms-processing-data-capture-handwriting-recognition.png\" alt=\"ABBYY FlexiCapture\" \/><\/a>\n\t\t\t\t\t\t\t<div class=\"portfolio-style-2-content\">\n\t\t\t\t\t\t\t\t<ul class=\"portfolio-style-2-cat\">\n\t\t\t\t\t\t\t\t\t<li>ICR \/ OCR ve Yapay Zeka<\/li>\n\t\t\t\t\t\t\t\t<\/ul>\n\t\t\t\t\t\t\t\t<h3><a href=\"https:\/\/www.kets.com\/tr\/portfolio\/abbyy-flexicapture\/\" title=\"ABBYY FlexiCapture\">ABBYY FlexiCapture<\/a><\/h3>\n\t\t\t\t\t\t\t<\/div>\n\t\t\t\t\t\t<\/div>\n\t\t\t\t\t\n\t\t\t\t\n\t\t\t\t\t<!-- Columns -->\n\t\t\t\t\t\n\t\t\t\t\t<!-- Style 1 -->\n\t\t\t\t\t\t\t\t\t\t\t\t\t\t\t\t\t\t\t\t\t\t\t   \n\t\t\t\t\t\t<div class=\"term-icr-ocr-ve-yapay-zeka  portfolio-item portfolio-style-2 col-lg-4 col-md-4 col-sm-6 col-xs-12\">\n\t\t\t\t\t\t\t<a href=\"https:\/\/www.kets.com\/tr\/portfolio\/recostar-ocr-motoru\/\" title=\"RecoStar Karakter Tan\u0131ma Motoru\"><img decoding=\"async\" src=\"https:\/\/www.kets.com\/tr\/wp-content\/uploads\/2018\/02\/extraction_cmyk_thumb.jpg\" alt=\"RecoStar Karakter Tan\u0131ma Motoru\" \/><\/a>\n\t\t\t\t\t\t\t<div class=\"portfolio-style-2-content\">\n\t\t\t\t\t\t\t\t<ul class=\"portfolio-style-2-cat\">\n\t\t\t\t\t\t\t\t\t<li>ICR \/ OCR ve Yapay Zeka<\/li>\n\t\t\t\t\t\t\t\t<\/ul>\n\t\t\t\t\t\t\t\t<h3><a href=\"https:\/\/www.kets.com\/tr\/portfolio\/recostar-ocr-motoru\/\" title=\"RecoStar Karakter Tan\u0131ma Motoru\">RecoStar Karakter Tan\u0131ma Motoru<\/a><\/h3>\n\t\t\t\t\t\t\t<\/div>\n\t\t\t\t\t\t<\/div>\n\t\t\t\t\t\n\t\t\t\t\n\t\t\t\t\t<!-- Columns -->\n\t\t\t\t\t\n\t\t\t\t\t<!-- Style 1 -->\n\t\t\t\t\t\t\t\t\t\t\t\t\t\t\t\t\t\t\t\t\t\t\t   \n\t\t\t\t\t\t<div class=\"term-icr-ocr-ve-yapay-zeka  portfolio-item portfolio-style-2 col-lg-4 col-md-4 col-sm-6 col-xs-12\">\n\t\t\t\t\t\t\t<a href=\"https:\/\/www.kets.com\/tr\/portfolio\/abbyy-finereader\/\" title=\"ABBYY FineReader\"><img decoding=\"async\" src=\"https:\/\/www.kets.com\/tr\/wp-content\/uploads\/2017\/08\/ABBY-FineReader-14.jpg\" alt=\"ABBYY FineReader\" \/><\/a>\n\t\t\t\t\t\t\t<div class=\"portfolio-style-2-content\">\n\t\t\t\t\t\t\t\t<ul class=\"portfolio-style-2-cat\">\n\t\t\t\t\t\t\t\t\t<li>ICR \/ OCR ve Yapay Zeka<\/li>\n\t\t\t\t\t\t\t\t<\/ul>\n\t\t\t\t\t\t\t\t<h3><a href=\"https:\/\/www.kets.com\/tr\/portfolio\/abbyy-finereader\/\" title=\"ABBYY FineReader\">ABBYY FineReader<\/a><\/h3>\n\t\t\t\t\t\t\t<\/div>\n\t\t\t\t\t\t<\/div>\n\t\t\t\t\t\n\t\t\t\t\n\t\t\t\t\t<!-- Columns -->\n\t\t\t\t\t\n\t\t\t\t\t<!-- Style 1 -->\n\t\t\t\t\t\t\t\t\t\t\t\t\t\t\t\t\t\t\t\t\t\t\t   \n\t\t\t\t\t\t<div class=\"term-dokuman-yonetimi-ve-arsivleme  portfolio-item portfolio-style-2 col-lg-4 col-md-4 col-sm-6 col-xs-12\">\n\t\t\t\t\t\t\t<a href=\"https:\/\/www.kets.com\/tr\/portfolio\/docplace-dokuman-yonetimi-yazilimi\/\" title=\"DocPlace Dok\u00fcman Y\u00f6netimi Yaz\u0131l\u0131m\u0131\"><img decoding=\"async\" src=\"https:\/\/www.kets.com\/tr\/wp-content\/uploads\/2017\/12\/6.jpg\" alt=\"DocPlace Dok\u00fcman Y\u00f6netimi Yaz\u0131l\u0131m\u0131\" \/><\/a>\n\t\t\t\t\t\t\t<div class=\"portfolio-style-2-content\">\n\t\t\t\t\t\t\t\t<ul class=\"portfolio-style-2-cat\">\n\t\t\t\t\t\t\t\t\t<li>Dok\u00fcman Y\u00f6netimi ve Ar\u015fivleme<\/li>\n\t\t\t\t\t\t\t\t<\/ul>\n\t\t\t\t\t\t\t\t<h3><a href=\"https:\/\/www.kets.com\/tr\/portfolio\/docplace-dokuman-yonetimi-yazilimi\/\" title=\"DocPlace Dok\u00fcman Y\u00f6netimi Yaz\u0131l\u0131m\u0131\">DocPlace Dok\u00fcman Y\u00f6netimi Yaz\u0131l\u0131m\u0131<\/a><\/h3>\n\t\t\t\t\t\t\t<\/div>\n\t\t\t\t\t\t<\/div>\n\t\t\t\t\t\n\t\t\t\t\n\t\t\t\t\t<!-- Columns -->\n\t\t\t\t\t\n\t\t\t\t\t<!-- Style 1 -->\n\t\t\t\t\t\t\t\t\t\t\t\t\t\t\t\t\t\t\t\t\t\t\t   \n\t\t\t\t\t\t<div class=\"term-kurumsal-faks  portfolio-item portfolio-style-2 col-lg-4 col-md-4 col-sm-6 col-xs-12\">\n\t\t\t\t\t\t\t<a href=\"https:\/\/www.kets.com\/tr\/portfolio\/opentext-rightfax\/\" title=\"OpenText RightFax\"><img decoding=\"async\" src=\"https:\/\/www.kets.com\/tr\/wp-content\/uploads\/revslider\/home-v6\/banner-6.jpg\" alt=\"OpenText RightFax\" \/><\/a>\n\t\t\t\t\t\t\t<div class=\"portfolio-style-2-content\">\n\t\t\t\t\t\t\t\t<ul class=\"portfolio-style-2-cat\">\n\t\t\t\t\t\t\t\t\t<li>Kurumsal Faks<\/li>\n\t\t\t\t\t\t\t\t<\/ul>\n\t\t\t\t\t\t\t\t<h3><a href=\"https:\/\/www.kets.com\/tr\/portfolio\/opentext-rightfax\/\" title=\"OpenText RightFax\">OpenText RightFax<\/a><\/h3>\n\t\t\t\t\t\t\t<\/div>\n\t\t\t\t\t\t<\/div>\n\t\t\t\t\t\n\t\t\t\t\t\t\t<\/div>\n\t\t\t<!-- Portfolio End -->\n\n\t\t<\/div>\n\t\t\n\t\t<!-- Pagination -->\n\t\t\n\t\t[\/vc_column][\/vc_row][vc_row][vc_column]<div style=\"margin:10px 0px 30px 0px;\" class=\"special-heading\">\n\t\t\t\t\t<h1 style=\"font-size:; font-weight:500; line-height:; text-align:center; text-transform:none; color:;\">Bizden Haberler<\/h1>\n\t\t\t\t\t<div style=\"background-color:; text-align:center;\" class=\"heading-seperator center-sep\"><\/div>\n\t\t\t\t\t<p style=\"font-size:; text-align:center; color:;\"><\/p>\n\t\t\t\t<\/div><div class=\"recent-posts\"><div class=\"recent-post\"><a class=\"entry-overlay\" href=\"https:\/\/www.kets.com\/tr\/abbyy-finereader-15-daha-akilli-pdf-cozumu-anonsu-ile-piyasaya-suruldu\/\" title=\"ABBYY FineReader 15\"><img decoding=\"async\" src=\"https:\/\/www.kets.com\/tr\/wp-content\/uploads\/2019\/09\/fr15-tr-1-960x220.jpg\" alt=\"ABBYY FineReader 15\" \/><\/a><div class=\"recent-posts-content\">\n\t\t\t\t\t\t\t\t<h4><a href=\"https:\/\/www.kets.com\/tr\/abbyy-finereader-15-daha-akilli-pdf-cozumu-anonsu-ile-piyasaya-suruldu\/\">ABBYY FineReader 15<\/a><\/h4>\n\t\t\t\t\t  \t\t\t<p>&nbsp; &nbsp; \u201cDaha ak\u0131ll\u0131 PDF \u00e7\u00f6z\u00fcm\u00fc\u201d anonsu ile piyasaya s\u00fcr\u00fcld\u00fc.ABBYY FineReader, \u00e7al\u0131\u015fanlar\u0131n belgelerini verimli bir.<a class=\"read-more\" href=\"https:\/\/www.kets.com\/tr\/abbyy-finereader-15-daha-akilli-pdf-cozumu-anonsu-ile-piyasaya-suruldu\/\">Devam\u0131<\/a><\/p>\n\t\t\t\t\t  \t\t<\/div><div class=\"recent-posts-meta\">\n\t\t\t\t\t\t\t\t<span class=\"meta\"><i class=\"droplet-calendar\"><\/i>09\/12\/2019 &nbsp;<strong>By<\/strong> : admin<\/span>\n\t\t\t\t\t  \t\t<\/div><\/div><div class=\"recent-post\"><a class=\"entry-overlay\" href=\"https:\/\/www.kets.com\/tr\/opentext-rightfax-16-enhancement-pack-4-piyasaya-suruldu\/\" title=\"OpenText \u2122 RightFax \u2122 16 Enhancement Pack 4 piyasaya s\u00fcr\u00fcld\u00fc\"><img decoding=\"async\" src=\"https:\/\/www.kets.com\/tr\/wp-content\/uploads\/2018\/11\/opentext-whats-new-in-RightFax-e1504858586359.gif\" alt=\"OpenText \u2122 RightFax \u2122 16 Enhancement Pack 4 piyasaya s\u00fcr\u00fcld\u00fc\" \/><\/a><div class=\"recent-posts-content\">\n\t\t\t\t\t\t\t\t<h4><a href=\"https:\/\/www.kets.com\/tr\/opentext-rightfax-16-enhancement-pack-4-piyasaya-suruldu\/\">OpenText \u2122 RightFax \u2122 16 Enhancement Pack 4 piyasaya s\u00fcr\u00fcld\u00fc<\/a><\/h4>\n\t\t\t\t\t  \t\t\t<p>OpenText \u2122 RightFax \u2122 16 Enhancement Pack 4 piyasaya s\u00fcr\u00fcld\u00fc. RightFax'\u0131n bu versiyonu yeni \u00f6zellikler,.<a class=\"read-more\" href=\"https:\/\/www.kets.com\/tr\/opentext-rightfax-16-enhancement-pack-4-piyasaya-suruldu\/\">Devam\u0131<\/a><\/p>\n\t\t\t\t\t  \t\t<\/div><div class=\"recent-posts-meta\">\n\t\t\t\t\t\t\t\t<span class=\"meta\"><i class=\"droplet-calendar\"><\/i>11\/01\/2018 &nbsp;<strong>By<\/strong> : admin<\/span>\n\t\t\t\t\t  \t\t<\/div><\/div><\/div>[\/vc_column][\/vc_row]<\/p>\n","protected":false},"excerpt":{"rendered":"<p>[vc_row full_width=&#8221;stretch_row_content_no_spaces&#8221; css_animation=&#8221;fadeInDown&#8221; css=&#8221;.vc_custom_1520334373381{margin-top: 0px !important;}&#8221;][vc_column][\/vc_column][\/vc_row][vc_row full_width=&#8221;stretch_row&#8221; css_animation=&#8221;fadeInDown&#8221; css=&#8221;.vc_custom_1520334341804{margin-top: 0px !important;background-image: url(https:\/\/www.kets.com\/tr\/wp-content\/uploads\/2018\/02\/about-us-bg-banner-2.png?id=2881) !important;background-position: center !important;background-repeat: no-repeat !important;background-size: cover !important;}&#8221;][vc_column][\/vc_column][vc_column width=&#8221;1\/3&#8243;][\/vc_column][vc_column css_animation=&#8221;none&#8221; width=&#8221;1\/3&#8243;][\/vc_column][vc_column css_animation=&#8221;none&#8221; width=&#8221;1\/3&#8243;][\/vc_column][\/vc_row][vc_row content_placement=&#8221;top&#8221;][vc_column][\/vc_column][\/vc_row][vc_row][vc_column][\/vc_column][\/vc_row]<\/p>\n","protected":false},"author":1,"featured_media":0,"parent":0,"menu_order":0,"comment_status":"closed","ping_status":"closed","template":"","meta":{"footnotes":""},"aioseo_notices":[],"_links":{"self":[{"href":"https:\/\/www.kets.com\/tr\/wp-json\/wp\/v2\/pages\/486"}],"collection":[{"href":"https:\/\/www.kets.com\/tr\/wp-json\/wp\/v2\/pages"}],"about":[{"href":"https:\/\/www.kets.com\/tr\/wp-json\/wp\/v2\/types\/page"}],"author":[{"embeddable":true,"href":"https:\/\/www.kets.com\/tr\/wp-json\/wp\/v2\/users\/1"}],"replies":[{"embeddable":true,"href":"https:\/\/www.kets.com\/tr\/wp-json\/wp\/v2\/comments?post=486"}],"version-history":[{"count":84,"href":"https:\/\/www.kets.com\/tr\/wp-json\/wp\/v2\/pages\/486\/revisions"}],"predecessor-version":[{"id":3617,"href":"https:\/\/www.kets.com\/tr\/wp-json\/wp\/v2\/pages\/486\/revisions\/3617"}],"wp:attachment":[{"href":"https:\/\/www.kets.com\/tr\/wp-json\/wp\/v2\/media?parent=486"}],"curies":[{"name":"wp","href":"https:\/\/api.w.org\/{rel}","templated":true}]}}